{"id":4429,"date":"2025-09-12T11:22:45","date_gmt":"2025-09-12T09:22:45","guid":{"rendered":"https:\/\/ideal-shopping.fr\/?post_type=product&#038;p=4429"},"modified":"2025-11-18T15:55:08","modified_gmt":"2025-11-18T14:55:08","slug":"jeans-livia-crop-larg","status":"publish","type":"product","link":"https:\/\/ideal-shopping.fr\/?product=jeans-livia-crop-larg","title":{"rendered":"Jeans Livia Crop Larg"},"content":{"rendered":"<ul>\n<li>Jeans femme taille standard en coton (ref: 558)<\/li>\n<li>Fermeture avec un bouton de marque FIVE et un zip cach\u00e9 sous le rabat<\/li>\n<li>Ceinture avec passants<\/li>\n<li>\u00c9tiquette \u00e0 l&rsquo;arri\u00e8re avec le logo FIVE<\/li>\n<li>79% CO 20% RCY CO 1% EA<\/li>\n<\/ul>\n","protected":false},"excerpt":{"rendered":"<p>Jeans femme taille standard en coton (ref: 558) Fermeture avec un bouton de marque FIVE et un zip cach\u00e9 sous le rabat Ceinture avec passants \u00c9tiquette \u00e0 l&rsquo;arri\u00e8re avec le logo FIVE 79% CO 20% RCY CO 1% EA<\/p>\n","protected":false},"featured_media":4437,"template":"","meta":[],"product_brand":[],"product_cat":[15],"product_tag":[],"class_list":{"0":"post-4429","1":"product","2":"type-product","3":"status-publish","4":"has-post-thumbnail","6":"product_cat-non-classe","7":"pa_marque-five","9":"first","10":"instock","11":"shipping-taxable","12":"purchasable","13":"product-type-variable"},"jetpack_sharing_enabled":true,"_links":{"self":[{"href":"https:\/\/ideal-shopping.fr\/index.php?rest_route=\/wp\/v2\/product\/4429","targetHints":{"allow":["GET"]}}],"collection":[{"href":"https:\/\/ideal-shopping.fr\/index.php?rest_route=\/wp\/v2\/product"}],"about":[{"href":"https:\/\/ideal-shopping.fr\/index.php?rest_route=\/wp\/v2\/types\/product"}],"wp:featuredmedia":[{"embeddable":true,"href":"https:\/\/ideal-shopping.fr\/index.php?rest_route=\/wp\/v2\/media\/4437"}],"wp:attachment":[{"href":"https:\/\/ideal-shopping.fr\/index.php?rest_route=%2Fwp%2Fv2%2Fmedia&parent=4429"}],"wp:term":[{"taxonomy":"product_brand","embeddable":true,"href":"https:\/\/ideal-shopping.fr\/index.php?rest_route=%2Fwp%2Fv2%2Fproduct_brand&post=4429"},{"taxonomy":"product_cat","embeddable":true,"href":"https:\/\/ideal-shopping.fr\/index.php?rest_route=%2Fwp%2Fv2%2Fproduct_cat&post=4429"},{"taxonomy":"product_tag","embeddable":true,"href":"https:\/\/ideal-shopping.fr\/index.php?rest_route=%2Fwp%2Fv2%2Fproduct_tag&post=4429"}],"curies":[{"name":"wp","href":"https:\/\/api.w.org\/{rel}","templated":true}]}}