{"id":4422,"date":"2025-09-12T11:16:50","date_gmt":"2025-09-12T09:16:50","guid":{"rendered":"https:\/\/ideal-shopping.fr\/?post_type=product&#038;p=4422"},"modified":"2026-01-14T14:11:41","modified_gmt":"2026-01-14T13:11:41","slug":"jeans-billie-ballon","status":"publish","type":"product","link":"https:\/\/ideal-shopping.fr\/?product=jeans-billie-ballon","title":{"rendered":"Jeans Billie Ballon"},"content":{"rendered":"<ul>\n<li>Jeans femme taille haute en coton (ref: 558)<\/li>\n<li>Fermeture avec un bouton de marque FIVE et un zip cach\u00e9 sous le rabat<\/li>\n<li>Ceinture avec passants<\/li>\n<li>\u00c9tiquette \u00e0 l&rsquo;arri\u00e8re avec le logo FIVE<\/li>\n<li>99% COTON 1% ELASTHANE<\/li>\n<\/ul>\n","protected":false},"excerpt":{"rendered":"<p>Jeans femme taille haute en coton (ref: 558) Fermeture avec un bouton de marque FIVE et un zip cach\u00e9 sous le rabat Ceinture avec passants \u00c9tiquette \u00e0 l&rsquo;arri\u00e8re avec le logo FIVE 99% COTON 1% ELASTHANE<\/p>\n","protected":false},"featured_media":4424,"template":"","meta":[],"product_brand":[],"product_cat":[15],"product_tag":[],"class_list":{"0":"post-4422","1":"product","2":"type-product","3":"status-publish","4":"has-post-thumbnail","6":"product_cat-non-classe","7":"pa_marque-five","9":"first","10":"instock","11":"sale","12":"shipping-taxable","13":"purchasable","14":"product-type-variable"},"jetpack_sharing_enabled":true,"_links":{"self":[{"href":"https:\/\/ideal-shopping.fr\/index.php?rest_route=\/wp\/v2\/product\/4422","targetHints":{"allow":["GET"]}}],"collection":[{"href":"https:\/\/ideal-shopping.fr\/index.php?rest_route=\/wp\/v2\/product"}],"about":[{"href":"https:\/\/ideal-shopping.fr\/index.php?rest_route=\/wp\/v2\/types\/product"}],"wp:featuredmedia":[{"embeddable":true,"href":"https:\/\/ideal-shopping.fr\/index.php?rest_route=\/wp\/v2\/media\/4424"}],"wp:attachment":[{"href":"https:\/\/ideal-shopping.fr\/index.php?rest_route=%2Fwp%2Fv2%2Fmedia&parent=4422"}],"wp:term":[{"taxonomy":"product_brand","embeddable":true,"href":"https:\/\/ideal-shopping.fr\/index.php?rest_route=%2Fwp%2Fv2%2Fproduct_brand&post=4422"},{"taxonomy":"product_cat","embeddable":true,"href":"https:\/\/ideal-shopping.fr\/index.php?rest_route=%2Fwp%2Fv2%2Fproduct_cat&post=4422"},{"taxonomy":"product_tag","embeddable":true,"href":"https:\/\/ideal-shopping.fr\/index.php?rest_route=%2Fwp%2Fv2%2Fproduct_tag&post=4422"}],"curies":[{"name":"wp","href":"https:\/\/api.w.org\/{rel}","templated":true}]}}