{"id":4352,"date":"2025-09-11T15:55:23","date_gmt":"2025-09-11T13:55:23","guid":{"rendered":"https:\/\/ideal-shopping.fr\/?post_type=product&#038;p=4352"},"modified":"2026-01-23T16:45:24","modified_gmt":"2026-01-23T15:45:24","slug":"blazer-croise-bleu-marine-avec-boutons-dores","status":"publish","type":"product","link":"https:\/\/ideal-shopping.fr\/?product=blazer-croise-bleu-marine-avec-boutons-dores","title":{"rendered":"Blazer crois\u00e9 bleu marine avec boutons dor\u00e9s"},"content":{"rendered":"<p>Ce blazer crois\u00e9 est taill\u00e9 dans un polyester recycl\u00e9 m\u00e9lang\u00e9 lisse. Il propose une coupe ajust\u00e9e, des \u00e9paulettes l\u00e9g\u00e8rement rembourr\u00e9es et un col \u00e0 revers crant\u00e9 raffin\u00e9, pour une silhouette structur\u00e9e. Des boutons dor\u00e9s ornent l&rsquo;avant du mod\u00e8le. Ce mod\u00e8le polyvalent, inspir\u00e9 de la mode maritime, est compl\u00e9t\u00e9 par une poche poitrine passepoil\u00e9e et une poche passepoil\u00e9e unique sur la hanche.<\/p>\n<div class=\"GeneralInfo_block__ribts\">\n<div class=\"GeneralInfo_composition__QcwFZ\">\n<p>34% Polyester;30% Viscose;30% Polyester &#8211; recycl\u00e9;6% Elasthanne<br \/>\nDoublure: 52% Polyester &#8211; recycl\u00e9;48% Viscose<\/p>\n<\/div>\n<\/div>\n<div class=\"GeneralInfo_block__ribts\">\n<div class=\"GeneralInfo_title__BKPWX\" role=\"heading\" aria-level=\"1\">Instructions de lavage<\/div>\n<div>Lavable \u00e0 la machine<\/div>\n<\/div>\n","protected":false},"excerpt":{"rendered":"<p>Ce blazer crois\u00e9 est taill\u00e9 dans un polyester recycl\u00e9 m\u00e9lang\u00e9 lisse. Il propose une coupe ajust\u00e9e, des \u00e9paulettes l\u00e9g\u00e8rement rembourr\u00e9es et un col \u00e0 revers crant\u00e9 raffin\u00e9, pour une silhouette structur\u00e9e. Des boutons dor\u00e9s ornent l&rsquo;avant du mod\u00e8le. Ce mod\u00e8le polyvalent, inspir\u00e9 de la mode maritime, est compl\u00e9t\u00e9 par une poche poitrine passepoil\u00e9e et une&hellip;<\/p>\n","protected":false},"featured_media":4354,"template":"","meta":[],"product_brand":[],"product_cat":[15],"product_tag":[],"class_list":{"0":"post-4352","1":"product","2":"type-product","3":"status-publish","4":"has-post-thumbnail","6":"product_cat-non-classe","7":"pa_marque-essentiel","9":"first","10":"instock","11":"sale","12":"shipping-taxable","13":"purchasable","14":"product-type-variable"},"jetpack_sharing_enabled":true,"_links":{"self":[{"href":"https:\/\/ideal-shopping.fr\/index.php?rest_route=\/wp\/v2\/product\/4352","targetHints":{"allow":["GET"]}}],"collection":[{"href":"https:\/\/ideal-shopping.fr\/index.php?rest_route=\/wp\/v2\/product"}],"about":[{"href":"https:\/\/ideal-shopping.fr\/index.php?rest_route=\/wp\/v2\/types\/product"}],"wp:featuredmedia":[{"embeddable":true,"href":"https:\/\/ideal-shopping.fr\/index.php?rest_route=\/wp\/v2\/media\/4354"}],"wp:attachment":[{"href":"https:\/\/ideal-shopping.fr\/index.php?rest_route=%2Fwp%2Fv2%2Fmedia&parent=4352"}],"wp:term":[{"taxonomy":"product_brand","embeddable":true,"href":"https:\/\/ideal-shopping.fr\/index.php?rest_route=%2Fwp%2Fv2%2Fproduct_brand&post=4352"},{"taxonomy":"product_cat","embeddable":true,"href":"https:\/\/ideal-shopping.fr\/index.php?rest_route=%2Fwp%2Fv2%2Fproduct_cat&post=4352"},{"taxonomy":"product_tag","embeddable":true,"href":"https:\/\/ideal-shopping.fr\/index.php?rest_route=%2Fwp%2Fv2%2Fproduct_tag&post=4352"}],"curies":[{"name":"wp","href":"https:\/\/api.w.org\/{rel}","templated":true}]}}