{"id":4204,"date":"2025-07-17T14:44:50","date_gmt":"2025-07-17T12:44:50","guid":{"rendered":"https:\/\/ideal-shopping.fr\/?post_type=product&#038;p=4204"},"modified":"2025-08-30T18:44:10","modified_gmt":"2025-08-30T16:44:10","slug":"jeans-leny-large-fve","status":"publish","type":"product","link":"https:\/\/ideal-shopping.fr\/?product=jeans-leny-large-fve","title":{"rendered":"Jeans Leny Large Fve"},"content":{"rendered":"<p>Il est conseill\u00e9 de prendre une taille inf\u00e9rieur \u00e0 celle habituelle<\/p>\n<p>60% CO 20% RCY CO 20% RCY LIOCEL<\/p>\n<p>Lavage en machine \u00e0 max 30\u00b0C Cycle fragile<br \/>\nEau de Javel interdite<br \/>\nRepassage \u00e0 faible temp\u00e9rature<br \/>\nNe pas passer au s\u00e8che \u00e0 linge<\/p>\n","protected":false},"excerpt":{"rendered":"<p>Il est conseill\u00e9 de prendre une taille inf\u00e9rieur \u00e0 celle habituelle 60% CO 20% RCY CO 20% RCY LIOCEL Lavage en machine \u00e0 max 30\u00b0C Cycle fragile Eau de Javel interdite Repassage \u00e0 faible temp\u00e9rature Ne pas passer au s\u00e8che \u00e0 linge<\/p>\n","protected":false},"featured_media":4206,"template":"","meta":[],"product_brand":[],"product_cat":[15],"product_tag":[],"class_list":{"0":"post-4204","1":"product","2":"type-product","3":"status-publish","4":"has-post-thumbnail","6":"product_cat-non-classe","7":"pa_marque-five","9":"first","10":"instock","11":"sale","12":"shipping-taxable","13":"purchasable","14":"product-type-variable"},"jetpack_sharing_enabled":true,"_links":{"self":[{"href":"https:\/\/ideal-shopping.fr\/index.php?rest_route=\/wp\/v2\/product\/4204","targetHints":{"allow":["GET"]}}],"collection":[{"href":"https:\/\/ideal-shopping.fr\/index.php?rest_route=\/wp\/v2\/product"}],"about":[{"href":"https:\/\/ideal-shopping.fr\/index.php?rest_route=\/wp\/v2\/types\/product"}],"wp:featuredmedia":[{"embeddable":true,"href":"https:\/\/ideal-shopping.fr\/index.php?rest_route=\/wp\/v2\/media\/4206"}],"wp:attachment":[{"href":"https:\/\/ideal-shopping.fr\/index.php?rest_route=%2Fwp%2Fv2%2Fmedia&parent=4204"}],"wp:term":[{"taxonomy":"product_brand","embeddable":true,"href":"https:\/\/ideal-shopping.fr\/index.php?rest_route=%2Fwp%2Fv2%2Fproduct_brand&post=4204"},{"taxonomy":"product_cat","embeddable":true,"href":"https:\/\/ideal-shopping.fr\/index.php?rest_route=%2Fwp%2Fv2%2Fproduct_cat&post=4204"},{"taxonomy":"product_tag","embeddable":true,"href":"https:\/\/ideal-shopping.fr\/index.php?rest_route=%2Fwp%2Fv2%2Fproduct_tag&post=4204"}],"curies":[{"name":"wp","href":"https:\/\/api.w.org\/{rel}","templated":true}]}}