{"id":3974,"date":"2025-03-27T17:37:06","date_gmt":"2025-03-27T16:37:06","guid":{"rendered":"https:\/\/ideal-shopping.fr\/?post_type=product&#038;p=3974"},"modified":"2025-07-16T15:49:17","modified_gmt":"2025-07-16T13:49:17","slug":"robe-caroline-blanc-casse-maison-hotel","status":"publish","type":"product","link":"https:\/\/ideal-shopping.fr\/?product=robe-caroline-blanc-casse-maison-hotel","title":{"rendered":"Robe Caroline &#8211; Blanc cass\u00e9 Maison Hotel"},"content":{"rendered":"<p>Baign\u00e9e de soleil et impr\u00e9gn\u00e9e de nostalgie, la robe Caroline est une r\u00e9bellion discr\u00e8te, envelopp\u00e9e de broderies raffin\u00e9es.<\/p>\n<p>&#8211; 100 % coton.<\/p>\n","protected":false},"excerpt":{"rendered":"<p>Baign\u00e9e de soleil et impr\u00e9gn\u00e9e de nostalgie, la robe Caroline est une r\u00e9bellion discr\u00e8te, envelopp\u00e9e de broderies raffin\u00e9es. &#8211; 100 % coton.<\/p>\n","protected":false},"featured_media":3976,"template":"","meta":[],"product_brand":[],"product_cat":[15],"product_tag":[],"class_list":{"0":"post-3974","1":"product","2":"type-product","3":"status-publish","4":"has-post-thumbnail","6":"product_cat-non-classe","7":"pa_marque-maison-hotel","9":"first","10":"instock","11":"sale","12":"shipping-taxable","13":"purchasable","14":"product-type-variable"},"jetpack_sharing_enabled":true,"_links":{"self":[{"href":"https:\/\/ideal-shopping.fr\/index.php?rest_route=\/wp\/v2\/product\/3974","targetHints":{"allow":["GET"]}}],"collection":[{"href":"https:\/\/ideal-shopping.fr\/index.php?rest_route=\/wp\/v2\/product"}],"about":[{"href":"https:\/\/ideal-shopping.fr\/index.php?rest_route=\/wp\/v2\/types\/product"}],"wp:featuredmedia":[{"embeddable":true,"href":"https:\/\/ideal-shopping.fr\/index.php?rest_route=\/wp\/v2\/media\/3976"}],"wp:attachment":[{"href":"https:\/\/ideal-shopping.fr\/index.php?rest_route=%2Fwp%2Fv2%2Fmedia&parent=3974"}],"wp:term":[{"taxonomy":"product_brand","embeddable":true,"href":"https:\/\/ideal-shopping.fr\/index.php?rest_route=%2Fwp%2Fv2%2Fproduct_brand&post=3974"},{"taxonomy":"product_cat","embeddable":true,"href":"https:\/\/ideal-shopping.fr\/index.php?rest_route=%2Fwp%2Fv2%2Fproduct_cat&post=3974"},{"taxonomy":"product_tag","embeddable":true,"href":"https:\/\/ideal-shopping.fr\/index.php?rest_route=%2Fwp%2Fv2%2Fproduct_tag&post=3974"}],"curies":[{"name":"wp","href":"https:\/\/api.w.org\/{rel}","templated":true}]}}