{"id":3967,"date":"2025-03-27T17:27:14","date_gmt":"2025-03-27T16:27:14","guid":{"rendered":"https:\/\/ideal-shopping.fr\/?post_type=product&#038;p=3967"},"modified":"2025-07-08T12:19:04","modified_gmt":"2025-07-08T10:19:04","slug":"chemisier-sabine-lord-byron-maison-hotel","status":"publish","type":"product","link":"https:\/\/ideal-shopping.fr\/?product=chemisier-sabine-lord-byron-maison-hotel","title":{"rendered":"Chemisier Sabine &#8211; Lord Byron Maison Hotel"},"content":{"rendered":"<p>La blouse Sabine, en coton immacul\u00e9, est orn\u00e9e de dentelle Chantilly, de pinces d\u00e9licates et d&rsquo;une allure r\u00e9solument d\u00e9contract\u00e9e.<\/p>\n<p>100% coton.<br \/>\nTaille normalement &#8211; choisissez votre taille habituelle.<\/p>\n","protected":false},"excerpt":{"rendered":"<p>La blouse Sabine, en coton immacul\u00e9, est orn\u00e9e de dentelle Chantilly, de pinces d\u00e9licates et d&rsquo;une allure r\u00e9solument d\u00e9contract\u00e9e. 100% coton. Taille normalement &#8211; choisissez votre taille habituelle.<\/p>\n","protected":false},"featured_media":3969,"template":"","meta":[],"product_brand":[],"product_cat":[15],"product_tag":[],"class_list":{"0":"post-3967","1":"product","2":"type-product","3":"status-publish","4":"has-post-thumbnail","6":"product_cat-non-classe","7":"pa_marque-maison-hotel","9":"first","10":"instock","11":"sale","12":"shipping-taxable","13":"purchasable","14":"product-type-variable"},"jetpack_sharing_enabled":true,"_links":{"self":[{"href":"https:\/\/ideal-shopping.fr\/index.php?rest_route=\/wp\/v2\/product\/3967","targetHints":{"allow":["GET"]}}],"collection":[{"href":"https:\/\/ideal-shopping.fr\/index.php?rest_route=\/wp\/v2\/product"}],"about":[{"href":"https:\/\/ideal-shopping.fr\/index.php?rest_route=\/wp\/v2\/types\/product"}],"wp:featuredmedia":[{"embeddable":true,"href":"https:\/\/ideal-shopping.fr\/index.php?rest_route=\/wp\/v2\/media\/3969"}],"wp:attachment":[{"href":"https:\/\/ideal-shopping.fr\/index.php?rest_route=%2Fwp%2Fv2%2Fmedia&parent=3967"}],"wp:term":[{"taxonomy":"product_brand","embeddable":true,"href":"https:\/\/ideal-shopping.fr\/index.php?rest_route=%2Fwp%2Fv2%2Fproduct_brand&post=3967"},{"taxonomy":"product_cat","embeddable":true,"href":"https:\/\/ideal-shopping.fr\/index.php?rest_route=%2Fwp%2Fv2%2Fproduct_cat&post=3967"},{"taxonomy":"product_tag","embeddable":true,"href":"https:\/\/ideal-shopping.fr\/index.php?rest_route=%2Fwp%2Fv2%2Fproduct_tag&post=3967"}],"curies":[{"name":"wp","href":"https:\/\/api.w.org\/{rel}","templated":true}]}}