{"id":3845,"date":"2025-03-20T10:52:19","date_gmt":"2025-03-20T09:52:19","guid":{"rendered":"https:\/\/ideal-shopping.fr\/?post_type=product&#038;p=3845"},"modified":"2025-06-21T16:30:45","modified_gmt":"2025-06-21T14:30:45","slug":"chemise-chiara-multi-leon-and-harper","status":"publish","type":"product","link":"https:\/\/ideal-shopping.fr\/?product=chemise-chiara-multi-leon-and-harper","title":{"rendered":"Chemise Chiara Multi Leon and Harper"},"content":{"rendered":"<p>Avec son col montant et son imprim\u00e9 \u00e0 carreaux, la chemise Chiara Multi affirme une allure vintage et f\u00e9minine pour un look d\u00e9contract\u00e9 et intemporel.<\/p>\n<p>&#8211; Manches longues<br \/>\n&#8211; Col montant<br \/>\n&#8211; Coupe droite<br \/>\n&#8211; Imprim\u00e9 \u00e0 carreaux<br \/>\n&#8211; Patte de boutonnage<\/p>\n<p>100% Coton Organique<\/p>\n","protected":false},"excerpt":{"rendered":"<p>Avec son col montant et son imprim\u00e9 \u00e0 carreaux, la chemise Chiara Multi affirme une allure vintage et f\u00e9minine pour un look d\u00e9contract\u00e9 et intemporel. &#8211; Manches longues &#8211; Col montant &#8211; Coupe droite &#8211; Imprim\u00e9 \u00e0 carreaux &#8211; Patte de boutonnage 100% Coton Organique<\/p>\n","protected":false},"featured_media":3847,"template":"","meta":[],"product_brand":[],"product_cat":[15],"product_tag":[],"class_list":{"0":"post-3845","1":"product","2":"type-product","3":"status-publish","4":"has-post-thumbnail","6":"product_cat-non-classe","7":"pa_marque-leon-and-harper","9":"first","10":"instock","11":"sale","12":"shipping-taxable","13":"purchasable","14":"product-type-variable"},"jetpack_sharing_enabled":true,"_links":{"self":[{"href":"https:\/\/ideal-shopping.fr\/index.php?rest_route=\/wp\/v2\/product\/3845","targetHints":{"allow":["GET"]}}],"collection":[{"href":"https:\/\/ideal-shopping.fr\/index.php?rest_route=\/wp\/v2\/product"}],"about":[{"href":"https:\/\/ideal-shopping.fr\/index.php?rest_route=\/wp\/v2\/types\/product"}],"wp:featuredmedia":[{"embeddable":true,"href":"https:\/\/ideal-shopping.fr\/index.php?rest_route=\/wp\/v2\/media\/3847"}],"wp:attachment":[{"href":"https:\/\/ideal-shopping.fr\/index.php?rest_route=%2Fwp%2Fv2%2Fmedia&parent=3845"}],"wp:term":[{"taxonomy":"product_brand","embeddable":true,"href":"https:\/\/ideal-shopping.fr\/index.php?rest_route=%2Fwp%2Fv2%2Fproduct_brand&post=3845"},{"taxonomy":"product_cat","embeddable":true,"href":"https:\/\/ideal-shopping.fr\/index.php?rest_route=%2Fwp%2Fv2%2Fproduct_cat&post=3845"},{"taxonomy":"product_tag","embeddable":true,"href":"https:\/\/ideal-shopping.fr\/index.php?rest_route=%2Fwp%2Fv2%2Fproduct_tag&post=3845"}],"curies":[{"name":"wp","href":"https:\/\/api.w.org\/{rel}","templated":true}]}}