{"id":3814,"date":"2025-03-19T18:07:25","date_gmt":"2025-03-19T17:07:25","guid":{"rendered":"https:\/\/ideal-shopping.fr\/?post_type=product&#038;p=3814"},"modified":"2025-06-21T16:34:40","modified_gmt":"2025-06-21T14:34:40","slug":"pantalon-pezo-diego","status":"publish","type":"product","link":"https:\/\/ideal-shopping.fr\/?product=pantalon-pezo-diego","title":{"rendered":"PANTALON PEZO Diego"},"content":{"rendered":"<p>Pantalon aux jambes fluides et \u00e9vas\u00e9es, referm\u00e9 d&rsquo;un bouton<\/p>\n<p>70% viscose 30% lin<\/p>\n","protected":false},"excerpt":{"rendered":"<p>Pantalon aux jambes fluides et \u00e9vas\u00e9es, referm\u00e9 d&rsquo;un bouton 70% viscose 30% lin<\/p>\n","protected":false},"featured_media":3816,"template":"","meta":[],"product_brand":[],"product_cat":[15],"product_tag":[],"class_list":{"0":"post-3814","1":"product","2":"type-product","3":"status-publish","4":"has-post-thumbnail","6":"product_cat-non-classe","7":"pa_marque-diega","9":"first","10":"instock","11":"sale","12":"shipping-taxable","13":"purchasable","14":"product-type-variable"},"jetpack_sharing_enabled":true,"_links":{"self":[{"href":"https:\/\/ideal-shopping.fr\/index.php?rest_route=\/wp\/v2\/product\/3814","targetHints":{"allow":["GET"]}}],"collection":[{"href":"https:\/\/ideal-shopping.fr\/index.php?rest_route=\/wp\/v2\/product"}],"about":[{"href":"https:\/\/ideal-shopping.fr\/index.php?rest_route=\/wp\/v2\/types\/product"}],"wp:featuredmedia":[{"embeddable":true,"href":"https:\/\/ideal-shopping.fr\/index.php?rest_route=\/wp\/v2\/media\/3816"}],"wp:attachment":[{"href":"https:\/\/ideal-shopping.fr\/index.php?rest_route=%2Fwp%2Fv2%2Fmedia&parent=3814"}],"wp:term":[{"taxonomy":"product_brand","embeddable":true,"href":"https:\/\/ideal-shopping.fr\/index.php?rest_route=%2Fwp%2Fv2%2Fproduct_brand&post=3814"},{"taxonomy":"product_cat","embeddable":true,"href":"https:\/\/ideal-shopping.fr\/index.php?rest_route=%2Fwp%2Fv2%2Fproduct_cat&post=3814"},{"taxonomy":"product_tag","embeddable":true,"href":"https:\/\/ideal-shopping.fr\/index.php?rest_route=%2Fwp%2Fv2%2Fproduct_tag&post=3814"}],"curies":[{"name":"wp","href":"https:\/\/api.w.org\/{rel}","templated":true}]}}