{"id":3676,"date":"2025-03-08T13:43:16","date_gmt":"2025-03-08T12:43:16","guid":{"rendered":"https:\/\/ideal-shopping.fr\/?post_type=product&#038;p=3676"},"modified":"2025-07-30T16:30:03","modified_gmt":"2025-07-30T14:30:03","slug":"chemise-rayee-mmtayla-mos-mosh","status":"publish","type":"product","link":"https:\/\/ideal-shopping.fr\/?product=chemise-rayee-mmtayla-mos-mosh","title":{"rendered":"Chemise ray\u00e9e MMTayla Mos Mosh"},"content":{"rendered":"<p>Donnez une touche de fra\u00eecheur au style preppy avec cette chemise en coton ray\u00e9. Dot\u00e9e d&rsquo;une coupe classique, d&rsquo;une fermeture \u00e0 boutons, d&rsquo;un col contrastant et de poignets et d&rsquo;un empi\u00e8cement coup\u00e9s en biais, elle regorge de d\u00e9tails subtils, comme un tissu uni \u00e0 l&rsquo;int\u00e9rieur des poignets pour un look remarquable. Portez-la avec un jean et un blazer classique pour compl\u00e9ter le look.<\/p>\n<p>100% coton biologique<\/p>\n","protected":false},"excerpt":{"rendered":"<p>Donnez une touche de fra\u00eecheur au style preppy avec cette chemise en coton ray\u00e9. Dot\u00e9e d&rsquo;une coupe classique, d&rsquo;une fermeture \u00e0 boutons, d&rsquo;un col contrastant et de poignets et d&rsquo;un empi\u00e8cement coup\u00e9s en biais, elle regorge de d\u00e9tails subtils, comme un tissu uni \u00e0 l&rsquo;int\u00e9rieur des poignets pour un look remarquable. Portez-la avec un jean&hellip;<\/p>\n","protected":false},"featured_media":3678,"template":"","meta":[],"product_brand":[],"product_cat":[15],"product_tag":[],"class_list":{"0":"post-3676","1":"product","2":"type-product","3":"status-publish","4":"has-post-thumbnail","6":"product_cat-non-classe","7":"pa_marque-mosmosh","9":"first","10":"instock","11":"sale","12":"shipping-taxable","13":"purchasable","14":"product-type-variable"},"jetpack_sharing_enabled":true,"_links":{"self":[{"href":"https:\/\/ideal-shopping.fr\/index.php?rest_route=\/wp\/v2\/product\/3676","targetHints":{"allow":["GET"]}}],"collection":[{"href":"https:\/\/ideal-shopping.fr\/index.php?rest_route=\/wp\/v2\/product"}],"about":[{"href":"https:\/\/ideal-shopping.fr\/index.php?rest_route=\/wp\/v2\/types\/product"}],"wp:featuredmedia":[{"embeddable":true,"href":"https:\/\/ideal-shopping.fr\/index.php?rest_route=\/wp\/v2\/media\/3678"}],"wp:attachment":[{"href":"https:\/\/ideal-shopping.fr\/index.php?rest_route=%2Fwp%2Fv2%2Fmedia&parent=3676"}],"wp:term":[{"taxonomy":"product_brand","embeddable":true,"href":"https:\/\/ideal-shopping.fr\/index.php?rest_route=%2Fwp%2Fv2%2Fproduct_brand&post=3676"},{"taxonomy":"product_cat","embeddable":true,"href":"https:\/\/ideal-shopping.fr\/index.php?rest_route=%2Fwp%2Fv2%2Fproduct_cat&post=3676"},{"taxonomy":"product_tag","embeddable":true,"href":"https:\/\/ideal-shopping.fr\/index.php?rest_route=%2Fwp%2Fv2%2Fproduct_tag&post=3676"}],"curies":[{"name":"wp","href":"https:\/\/api.w.org\/{rel}","templated":true}]}}