{"id":3671,"date":"2025-03-08T13:32:13","date_gmt":"2025-03-08T12:32:13","guid":{"rendered":"https:\/\/ideal-shopping.fr\/?post_type=product&#038;p=3671"},"modified":"2025-03-08T13:32:13","modified_gmt":"2025-03-08T12:32:13","slug":"blazer-charm-mmviga-mos-mosh","status":"publish","type":"product","link":"https:\/\/ideal-shopping.fr\/?product=blazer-charm-mmviga-mos-mosh","title":{"rendered":"Blazer Charm MMViga Mos Mosh"},"content":{"rendered":"<p>Blazer \u00e0 boutonnage simple \u00e9pouse parfaitement votre silhouette, accentu\u00e9 par sa fermeture \u00e0 deux boutons. Il est dot\u00e9 de poches avant et de poignets boutonn\u00e9s qui ajoutent une touche chic \u00e0 son design. Qu&rsquo;il s&rsquo;agisse d&rsquo;une journ\u00e9e d\u00e9contract\u00e9e avec un jean ou d&rsquo;une tenue plus sophistiqu\u00e9e avec un pantalon ajust\u00e9, ce blazer allie sans effort \u00e9l\u00e9gance et polyvalence.<\/p>\n<p>Coloris \/Marine<\/p>\n<p><span>53% coton<\/span><br \/>\n<span>38% polyamide<\/span><br \/>\n<span>9% \u00e9lasthanne<\/span><\/p>\n","protected":false},"excerpt":{"rendered":"<p>Blazer \u00e0 boutonnage simple \u00e9pouse parfaitement votre silhouette, accentu\u00e9 par sa fermeture \u00e0 deux boutons. Il est dot\u00e9 de poches avant et de poignets boutonn\u00e9s qui ajoutent une touche chic \u00e0 son design. Qu&rsquo;il s&rsquo;agisse d&rsquo;une journ\u00e9e d\u00e9contract\u00e9e avec un jean ou d&rsquo;une tenue plus sophistiqu\u00e9e avec un pantalon ajust\u00e9, ce blazer allie sans effort&hellip;<\/p>\n","protected":false},"featured_media":3675,"template":"","meta":[],"product_brand":[],"product_cat":[15],"product_tag":[],"class_list":{"0":"post-3671","1":"product","2":"type-product","3":"status-publish","4":"has-post-thumbnail","6":"product_cat-non-classe","7":"pa_marque-mosmosh","9":"first","10":"instock","11":"shipping-taxable","12":"purchasable","13":"product-type-variable"},"jetpack_sharing_enabled":true,"_links":{"self":[{"href":"https:\/\/ideal-shopping.fr\/index.php?rest_route=\/wp\/v2\/product\/3671","targetHints":{"allow":["GET"]}}],"collection":[{"href":"https:\/\/ideal-shopping.fr\/index.php?rest_route=\/wp\/v2\/product"}],"about":[{"href":"https:\/\/ideal-shopping.fr\/index.php?rest_route=\/wp\/v2\/types\/product"}],"wp:featuredmedia":[{"embeddable":true,"href":"https:\/\/ideal-shopping.fr\/index.php?rest_route=\/wp\/v2\/media\/3675"}],"wp:attachment":[{"href":"https:\/\/ideal-shopping.fr\/index.php?rest_route=%2Fwp%2Fv2%2Fmedia&parent=3671"}],"wp:term":[{"taxonomy":"product_brand","embeddable":true,"href":"https:\/\/ideal-shopping.fr\/index.php?rest_route=%2Fwp%2Fv2%2Fproduct_brand&post=3671"},{"taxonomy":"product_cat","embeddable":true,"href":"https:\/\/ideal-shopping.fr\/index.php?rest_route=%2Fwp%2Fv2%2Fproduct_cat&post=3671"},{"taxonomy":"product_tag","embeddable":true,"href":"https:\/\/ideal-shopping.fr\/index.php?rest_route=%2Fwp%2Fv2%2Fproduct_tag&post=3671"}],"curies":[{"name":"wp","href":"https:\/\/api.w.org\/{rel}","templated":true}]}}