{"id":3509,"date":"2025-03-04T18:08:08","date_gmt":"2025-03-04T17:08:08","guid":{"rendered":"https:\/\/ideal-shopping.fr\/?post_type=product&#038;p=3509"},"modified":"2025-06-21T18:25:48","modified_gmt":"2025-06-21T16:25:48","slug":"robe-irene-pink-martini","status":"publish","type":"product","link":"https:\/\/ideal-shopping.fr\/?product=robe-irene-pink-martini","title":{"rendered":"Robe Ir\u00e8ne &#8211; Pink Martini"},"content":{"rendered":"<div class=\"cc-tabs__tab-headers-container size16Bold\">\n<p>La robe Ir\u00e8ne en Pink Martini.<\/p>\n<\/div>\n<div class=\"cc-tabs__tab size14Medium\" role=\"tablist\">\n<div id=\"product-tab-panel1_9335853809992\" class=\"cc-tabs__tab__panel rte\" role=\"tab\" aria-labelledby=\"product-tab-panel1_9335853809992\">\n<p><span>La viscose tiss\u00e9e donne un aspect qui bouge comme le d\u00e9sir et qui persiste comme une pens\u00e9e dont on ne peut se d\u00e9faire. Les manches longues drapent vos bras<\/span><\/p>\n<p>100% Viscose.<\/p>\n<\/div>\n<\/div>\n","protected":false},"excerpt":{"rendered":"<p>La robe Ir\u00e8ne en Pink Martini. La viscose tiss\u00e9e donne un aspect qui bouge comme le d\u00e9sir et qui persiste comme une pens\u00e9e dont on ne peut se d\u00e9faire. Les manches longues drapent vos bras 100% Viscose.<\/p>\n","protected":false},"featured_media":3511,"template":"","meta":[],"product_brand":[],"product_cat":[15],"product_tag":[],"class_list":{"0":"post-3509","1":"product","2":"type-product","3":"status-publish","4":"has-post-thumbnail","6":"product_cat-non-classe","7":"pa_marque-maison-hotel","9":"first","10":"instock","11":"sale","12":"shipping-taxable","13":"purchasable","14":"product-type-variable"},"jetpack_sharing_enabled":true,"_links":{"self":[{"href":"https:\/\/ideal-shopping.fr\/index.php?rest_route=\/wp\/v2\/product\/3509","targetHints":{"allow":["GET"]}}],"collection":[{"href":"https:\/\/ideal-shopping.fr\/index.php?rest_route=\/wp\/v2\/product"}],"about":[{"href":"https:\/\/ideal-shopping.fr\/index.php?rest_route=\/wp\/v2\/types\/product"}],"wp:featuredmedia":[{"embeddable":true,"href":"https:\/\/ideal-shopping.fr\/index.php?rest_route=\/wp\/v2\/media\/3511"}],"wp:attachment":[{"href":"https:\/\/ideal-shopping.fr\/index.php?rest_route=%2Fwp%2Fv2%2Fmedia&parent=3509"}],"wp:term":[{"taxonomy":"product_brand","embeddable":true,"href":"https:\/\/ideal-shopping.fr\/index.php?rest_route=%2Fwp%2Fv2%2Fproduct_brand&post=3509"},{"taxonomy":"product_cat","embeddable":true,"href":"https:\/\/ideal-shopping.fr\/index.php?rest_route=%2Fwp%2Fv2%2Fproduct_cat&post=3509"},{"taxonomy":"product_tag","embeddable":true,"href":"https:\/\/ideal-shopping.fr\/index.php?rest_route=%2Fwp%2Fv2%2Fproduct_tag&post=3509"}],"curies":[{"name":"wp","href":"https:\/\/api.w.org\/{rel}","templated":true}]}}