{"id":3500,"date":"2025-03-04T17:56:26","date_gmt":"2025-03-04T16:56:26","guid":{"rendered":"https:\/\/ideal-shopping.fr\/?post_type=product&#038;p=3500"},"modified":"2025-08-02T17:26:15","modified_gmt":"2025-08-02T15:26:15","slug":"pantalon-lolo-pampaneira-coquillage","status":"publish","type":"product","link":"https:\/\/ideal-shopping.fr\/?product=pantalon-lolo-pampaneira-coquillage","title":{"rendered":"Pantalon Lolo &#8211; Pampaneira Coquillage"},"content":{"rendered":"<p>Le pantalon Lolo en Pampaneira Coquillage.<\/p>\n<p>Votre incontournable de cet \u00e9t\u00e9. Et des \u00e9t\u00e9s \u00e0 venir. Pas de blanc \u00e9vanescent, pas de blanc cass\u00e9, mais cet \u00e9cru parfait, juste assez us\u00e9, juste assez discret.<\/p>\n<p>Confectionn\u00e9 en 100 % coton<\/p>\n","protected":false},"excerpt":{"rendered":"<p>Le pantalon Lolo en Pampaneira Coquillage. Votre incontournable de cet \u00e9t\u00e9. Et des \u00e9t\u00e9s \u00e0 venir. Pas de blanc \u00e9vanescent, pas de blanc cass\u00e9, mais cet \u00e9cru parfait, juste assez us\u00e9, juste assez discret. Confectionn\u00e9 en 100 % coton<\/p>\n","protected":false},"featured_media":3502,"template":"","meta":[],"product_brand":[],"product_cat":[15],"product_tag":[],"class_list":{"0":"post-3500","1":"product","2":"type-product","3":"status-publish","4":"has-post-thumbnail","6":"product_cat-non-classe","7":"pa_marque-maison-hotel","9":"first","10":"instock","11":"sale","12":"shipping-taxable","13":"purchasable","14":"product-type-variable"},"jetpack_sharing_enabled":true,"_links":{"self":[{"href":"https:\/\/ideal-shopping.fr\/index.php?rest_route=\/wp\/v2\/product\/3500","targetHints":{"allow":["GET"]}}],"collection":[{"href":"https:\/\/ideal-shopping.fr\/index.php?rest_route=\/wp\/v2\/product"}],"about":[{"href":"https:\/\/ideal-shopping.fr\/index.php?rest_route=\/wp\/v2\/types\/product"}],"wp:featuredmedia":[{"embeddable":true,"href":"https:\/\/ideal-shopping.fr\/index.php?rest_route=\/wp\/v2\/media\/3502"}],"wp:attachment":[{"href":"https:\/\/ideal-shopping.fr\/index.php?rest_route=%2Fwp%2Fv2%2Fmedia&parent=3500"}],"wp:term":[{"taxonomy":"product_brand","embeddable":true,"href":"https:\/\/ideal-shopping.fr\/index.php?rest_route=%2Fwp%2Fv2%2Fproduct_brand&post=3500"},{"taxonomy":"product_cat","embeddable":true,"href":"https:\/\/ideal-shopping.fr\/index.php?rest_route=%2Fwp%2Fv2%2Fproduct_cat&post=3500"},{"taxonomy":"product_tag","embeddable":true,"href":"https:\/\/ideal-shopping.fr\/index.php?rest_route=%2Fwp%2Fv2%2Fproduct_tag&post=3500"}],"curies":[{"name":"wp","href":"https:\/\/api.w.org\/{rel}","templated":true}]}}