{"id":3481,"date":"2025-02-28T17:08:27","date_gmt":"2025-02-28T16:08:27","guid":{"rendered":"https:\/\/ideal-shopping.fr\/?post_type=product&#038;p=3481"},"modified":"2025-06-28T18:42:52","modified_gmt":"2025-06-28T16:42:52","slug":"robe-leon-and-harper-risu-pearl","status":"publish","type":"product","link":"https:\/\/ideal-shopping.fr\/?product=robe-leon-and-harper-risu-pearl","title":{"rendered":"Robe Leon and Harper Risu Pearl"},"content":{"rendered":"<p>Robe longue<br \/>\n&#8211; Manches 3\/4<br \/>\n&#8211; Col V<br \/>\n&#8211; Coupe \u00e9vas\u00e9e<br \/>\n&#8211; Broderies florales<br \/>\n&#8211; Fronces<\/p>\n<p>Cr\u00e9pon 100% Coton Organique<\/p>\n","protected":false},"excerpt":{"rendered":"<p>Robe longue &#8211; Manches 3\/4 &#8211; Col V &#8211; Coupe \u00e9vas\u00e9e &#8211; Broderies florales &#8211; Fronces Cr\u00e9pon 100% Coton Organique<\/p>\n","protected":false},"featured_media":3483,"template":"","meta":[],"product_brand":[],"product_cat":[15],"product_tag":[],"class_list":{"0":"post-3481","1":"product","2":"type-product","3":"status-publish","4":"has-post-thumbnail","6":"product_cat-non-classe","7":"pa_marque-leon-and-harper","9":"first","10":"instock","11":"sale","12":"shipping-taxable","13":"purchasable","14":"product-type-variable"},"jetpack_sharing_enabled":true,"_links":{"self":[{"href":"https:\/\/ideal-shopping.fr\/index.php?rest_route=\/wp\/v2\/product\/3481","targetHints":{"allow":["GET"]}}],"collection":[{"href":"https:\/\/ideal-shopping.fr\/index.php?rest_route=\/wp\/v2\/product"}],"about":[{"href":"https:\/\/ideal-shopping.fr\/index.php?rest_route=\/wp\/v2\/types\/product"}],"wp:featuredmedia":[{"embeddable":true,"href":"https:\/\/ideal-shopping.fr\/index.php?rest_route=\/wp\/v2\/media\/3483"}],"wp:attachment":[{"href":"https:\/\/ideal-shopping.fr\/index.php?rest_route=%2Fwp%2Fv2%2Fmedia&parent=3481"}],"wp:term":[{"taxonomy":"product_brand","embeddable":true,"href":"https:\/\/ideal-shopping.fr\/index.php?rest_route=%2Fwp%2Fv2%2Fproduct_brand&post=3481"},{"taxonomy":"product_cat","embeddable":true,"href":"https:\/\/ideal-shopping.fr\/index.php?rest_route=%2Fwp%2Fv2%2Fproduct_cat&post=3481"},{"taxonomy":"product_tag","embeddable":true,"href":"https:\/\/ideal-shopping.fr\/index.php?rest_route=%2Fwp%2Fv2%2Fproduct_tag&post=3481"}],"curies":[{"name":"wp","href":"https:\/\/api.w.org\/{rel}","templated":true}]}}