{"id":3469,"date":"2025-02-28T16:54:55","date_gmt":"2025-02-28T15:54:55","guid":{"rendered":"https:\/\/ideal-shopping.fr\/?post_type=product&#038;p=3469"},"modified":"2025-06-21T18:29:59","modified_gmt":"2025-06-21T16:29:59","slug":"t-shirt-leon-and-harper-toro-sunset","status":"publish","type":"product","link":"https:\/\/ideal-shopping.fr\/?product=t-shirt-leon-and-harper-toro-sunset","title":{"rendered":"T-shirt Leon and Harper Toro Sunset"},"content":{"rendered":"<p>Imprim\u00e9 coucher de soleil et d\u00e9grad\u00e9<\/p>\n<p>Manches courtes<br \/>\n&#8211; Col rond<br \/>\n&#8211; Message imprim\u00e9<br \/>\n&#8211; Coupe droite<\/p>\n<p>100% Coton Organique<\/p>\n","protected":false},"excerpt":{"rendered":"<p>Imprim\u00e9 coucher de soleil et d\u00e9grad\u00e9 Manches courtes &#8211; Col rond &#8211; Message imprim\u00e9 &#8211; Coupe droite 100% Coton Organique<\/p>\n","protected":false},"featured_media":3472,"template":"","meta":[],"product_brand":[],"product_cat":[15],"product_tag":[],"class_list":{"0":"post-3469","1":"product","2":"type-product","3":"status-publish","4":"has-post-thumbnail","6":"product_cat-non-classe","7":"pa_marque-leon-and-harper","9":"first","10":"instock","11":"sale","12":"shipping-taxable","13":"purchasable","14":"product-type-variable"},"jetpack_sharing_enabled":true,"_links":{"self":[{"href":"https:\/\/ideal-shopping.fr\/index.php?rest_route=\/wp\/v2\/product\/3469","targetHints":{"allow":["GET"]}}],"collection":[{"href":"https:\/\/ideal-shopping.fr\/index.php?rest_route=\/wp\/v2\/product"}],"about":[{"href":"https:\/\/ideal-shopping.fr\/index.php?rest_route=\/wp\/v2\/types\/product"}],"wp:featuredmedia":[{"embeddable":true,"href":"https:\/\/ideal-shopping.fr\/index.php?rest_route=\/wp\/v2\/media\/3472"}],"wp:attachment":[{"href":"https:\/\/ideal-shopping.fr\/index.php?rest_route=%2Fwp%2Fv2%2Fmedia&parent=3469"}],"wp:term":[{"taxonomy":"product_brand","embeddable":true,"href":"https:\/\/ideal-shopping.fr\/index.php?rest_route=%2Fwp%2Fv2%2Fproduct_brand&post=3469"},{"taxonomy":"product_cat","embeddable":true,"href":"https:\/\/ideal-shopping.fr\/index.php?rest_route=%2Fwp%2Fv2%2Fproduct_cat&post=3469"},{"taxonomy":"product_tag","embeddable":true,"href":"https:\/\/ideal-shopping.fr\/index.php?rest_route=%2Fwp%2Fv2%2Fproduct_tag&post=3469"}],"curies":[{"name":"wp","href":"https:\/\/api.w.org\/{rel}","templated":true}]}}