{"id":3463,"date":"2025-02-28T16:49:08","date_gmt":"2025-02-28T15:49:08","guid":{"rendered":"https:\/\/ideal-shopping.fr\/?post_type=product&#038;p=3463"},"modified":"2025-07-26T16:40:51","modified_gmt":"2025-07-26T14:40:51","slug":"t-shirt-mariniere-leon-and-harper-tigy-sea","status":"publish","type":"product","link":"https:\/\/ideal-shopping.fr\/?product=t-shirt-mariniere-leon-and-harper-tigy-sea","title":{"rendered":"T-shirt marini\u00e8re Leon and Harper  Tigy Sea"},"content":{"rendered":"<p>-Imprim\u00e9 marini\u00e8re<br \/>\n&#8211; Manches longues chauve-souris<br \/>\n&#8211; Col rond<br \/>\n&#8211; Coupe droite<\/p>\n<p>100% Coton<\/p>\n","protected":false},"excerpt":{"rendered":"<p>-Imprim\u00e9 marini\u00e8re &#8211; Manches longues chauve-souris &#8211; Col rond &#8211; Coupe droite 100% Coton<\/p>\n","protected":false},"featured_media":3466,"template":"","meta":[],"product_brand":[],"product_cat":[15],"product_tag":[],"class_list":{"0":"post-3463","1":"product","2":"type-product","3":"status-publish","4":"has-post-thumbnail","6":"product_cat-non-classe","7":"pa_marque-leon-and-harper","9":"first","10":"instock","11":"sale","12":"shipping-taxable","13":"purchasable","14":"product-type-variable"},"jetpack_sharing_enabled":true,"_links":{"self":[{"href":"https:\/\/ideal-shopping.fr\/index.php?rest_route=\/wp\/v2\/product\/3463","targetHints":{"allow":["GET"]}}],"collection":[{"href":"https:\/\/ideal-shopping.fr\/index.php?rest_route=\/wp\/v2\/product"}],"about":[{"href":"https:\/\/ideal-shopping.fr\/index.php?rest_route=\/wp\/v2\/types\/product"}],"wp:featuredmedia":[{"embeddable":true,"href":"https:\/\/ideal-shopping.fr\/index.php?rest_route=\/wp\/v2\/media\/3466"}],"wp:attachment":[{"href":"https:\/\/ideal-shopping.fr\/index.php?rest_route=%2Fwp%2Fv2%2Fmedia&parent=3463"}],"wp:term":[{"taxonomy":"product_brand","embeddable":true,"href":"https:\/\/ideal-shopping.fr\/index.php?rest_route=%2Fwp%2Fv2%2Fproduct_brand&post=3463"},{"taxonomy":"product_cat","embeddable":true,"href":"https:\/\/ideal-shopping.fr\/index.php?rest_route=%2Fwp%2Fv2%2Fproduct_cat&post=3463"},{"taxonomy":"product_tag","embeddable":true,"href":"https:\/\/ideal-shopping.fr\/index.php?rest_route=%2Fwp%2Fv2%2Fproduct_tag&post=3463"}],"curies":[{"name":"wp","href":"https:\/\/api.w.org\/{rel}","templated":true}]}}