{"id":3245,"date":"2025-02-22T18:14:59","date_gmt":"2025-02-22T17:14:59","guid":{"rendered":"https:\/\/ideal-shopping.fr\/?post_type=product&#038;p=3245"},"modified":"2025-07-25T18:15:59","modified_gmt":"2025-07-25T16:15:59","slug":"pantalon-essentiel-blanc-en-coton-bio-melange","status":"publish","type":"product","link":"https:\/\/ideal-shopping.fr\/?product=pantalon-essentiel-blanc-en-coton-bio-melange","title":{"rendered":"Pantalon Essentiel blanc en coton bio m\u00e9lang\u00e9"},"content":{"rendered":"<p>Pantalon en coton bio m\u00e9lang\u00e9 alliant \u00e9l\u00e9gance et confort, avec une taille \u00e9lastique et une fermeture \u00e0 cordon raffin\u00e9e pour un ajustement parfait<\/p>\n<ul>\n<li>\u00c0 base de coton biologique<\/li>\n<li>Tissu l\u00e9g\u00e8rement extensible au grammage moyen<\/li>\n<li>Mod\u00e8le qui se porte d\u00e9contract\u00e9<\/li>\n<li>Taille mi-haute<\/li>\n<li>Jambes fusel\u00e9es<\/li>\n<li>Taille \u00e9lastique avec cordon de serrage<\/li>\n<li>Poches fendues<\/li>\n<li>Poche plaqu\u00e9e \u00e0 l&rsquo;arri\u00e8re<\/li>\n<li>Pli press\u00e9 \u00e0 l&rsquo;avant et \u00e0 l&rsquo;arri\u00e8re<\/li>\n<li>Blanc<\/li>\n<\/ul>\n","protected":false},"excerpt":{"rendered":"<p>Pantalon en coton bio m\u00e9lang\u00e9 alliant \u00e9l\u00e9gance et confort, avec une taille \u00e9lastique et une fermeture \u00e0 cordon raffin\u00e9e pour un ajustement parfait \u00c0 base de coton biologique Tissu l\u00e9g\u00e8rement extensible au grammage moyen Mod\u00e8le qui se porte d\u00e9contract\u00e9 Taille mi-haute Jambes fusel\u00e9es Taille \u00e9lastique avec cordon de serrage Poches fendues Poche plaqu\u00e9e \u00e0 l&rsquo;arri\u00e8re&hellip;<\/p>\n","protected":false},"featured_media":3247,"template":"","meta":[],"product_brand":[],"product_cat":[15],"product_tag":[],"class_list":{"0":"post-3245","1":"product","2":"type-product","3":"status-publish","4":"has-post-thumbnail","6":"product_cat-non-classe","7":"pa_marque-essentiel","9":"first","10":"instock","11":"sale","12":"shipping-taxable","13":"purchasable","14":"product-type-variable"},"jetpack_sharing_enabled":true,"_links":{"self":[{"href":"https:\/\/ideal-shopping.fr\/index.php?rest_route=\/wp\/v2\/product\/3245","targetHints":{"allow":["GET"]}}],"collection":[{"href":"https:\/\/ideal-shopping.fr\/index.php?rest_route=\/wp\/v2\/product"}],"about":[{"href":"https:\/\/ideal-shopping.fr\/index.php?rest_route=\/wp\/v2\/types\/product"}],"wp:featuredmedia":[{"embeddable":true,"href":"https:\/\/ideal-shopping.fr\/index.php?rest_route=\/wp\/v2\/media\/3247"}],"wp:attachment":[{"href":"https:\/\/ideal-shopping.fr\/index.php?rest_route=%2Fwp%2Fv2%2Fmedia&parent=3245"}],"wp:term":[{"taxonomy":"product_brand","embeddable":true,"href":"https:\/\/ideal-shopping.fr\/index.php?rest_route=%2Fwp%2Fv2%2Fproduct_brand&post=3245"},{"taxonomy":"product_cat","embeddable":true,"href":"https:\/\/ideal-shopping.fr\/index.php?rest_route=%2Fwp%2Fv2%2Fproduct_cat&post=3245"},{"taxonomy":"product_tag","embeddable":true,"href":"https:\/\/ideal-shopping.fr\/index.php?rest_route=%2Fwp%2Fv2%2Fproduct_tag&post=3245"}],"curies":[{"name":"wp","href":"https:\/\/api.w.org\/{rel}","templated":true}]}}