{"id":3175,"date":"2025-02-20T17:59:53","date_gmt":"2025-02-20T16:59:53","guid":{"rendered":"https:\/\/ideal-shopping.fr\/?post_type=product&#038;p=3175"},"modified":"2025-02-20T18:01:40","modified_gmt":"2025-02-20T17:01:40","slug":"manchette-areora","status":"publish","type":"product","link":"https:\/\/ideal-shopping.fr\/?product=manchette-areora","title":{"rendered":"Manchette Areora"},"content":{"rendered":"<p>Bracelet anneaux nou\u00e9s finition dor\u00e9e textur\u00e9e.<\/p>\n<div class=\"free_desc\">\n<p>Laiton dor\u00e9 recycl\u00e9 \u00e0 l&rsquo;or fin 18 Carats.<br \/>\nBijou livr\u00e9 dans son pochon en cro\u00fbte velours, r\u00e9alis\u00e9 \u00e0 partir de chutes de cuirs issus de nos collections de maroquinerie.<\/p>\n<p>Largeur : 2 cm<\/p>\n<\/div>\n<p class=\"composition\">100% Laiton dor\u00e9 recycl\u00e9<\/p>\n","protected":false},"excerpt":{"rendered":"<p>Bracelet anneaux nou\u00e9s finition dor\u00e9e textur\u00e9e. Laiton dor\u00e9 recycl\u00e9 \u00e0 l&rsquo;or fin 18 Carats. Bijou livr\u00e9 dans son pochon en cro\u00fbte velours, r\u00e9alis\u00e9 \u00e0 partir de chutes de cuirs issus de nos collections de maroquinerie. Largeur : 2 cm 100% Laiton dor\u00e9 recycl\u00e9<\/p>\n","protected":false},"featured_media":3176,"template":"","meta":[],"product_brand":[],"product_cat":[15],"product_tag":[],"class_list":{"0":"post-3175","1":"product","2":"type-product","3":"status-publish","4":"has-post-thumbnail","6":"product_cat-non-classe","7":"pa_marque-sessun","9":"first","10":"instock","11":"shipping-taxable","12":"purchasable","13":"product-type-simple"},"jetpack_sharing_enabled":true,"_links":{"self":[{"href":"https:\/\/ideal-shopping.fr\/index.php?rest_route=\/wp\/v2\/product\/3175","targetHints":{"allow":["GET"]}}],"collection":[{"href":"https:\/\/ideal-shopping.fr\/index.php?rest_route=\/wp\/v2\/product"}],"about":[{"href":"https:\/\/ideal-shopping.fr\/index.php?rest_route=\/wp\/v2\/types\/product"}],"wp:featuredmedia":[{"embeddable":true,"href":"https:\/\/ideal-shopping.fr\/index.php?rest_route=\/wp\/v2\/media\/3176"}],"wp:attachment":[{"href":"https:\/\/ideal-shopping.fr\/index.php?rest_route=%2Fwp%2Fv2%2Fmedia&parent=3175"}],"wp:term":[{"taxonomy":"product_brand","embeddable":true,"href":"https:\/\/ideal-shopping.fr\/index.php?rest_route=%2Fwp%2Fv2%2Fproduct_brand&post=3175"},{"taxonomy":"product_cat","embeddable":true,"href":"https:\/\/ideal-shopping.fr\/index.php?rest_route=%2Fwp%2Fv2%2Fproduct_cat&post=3175"},{"taxonomy":"product_tag","embeddable":true,"href":"https:\/\/ideal-shopping.fr\/index.php?rest_route=%2Fwp%2Fv2%2Fproduct_tag&post=3175"}],"curies":[{"name":"wp","href":"https:\/\/api.w.org\/{rel}","templated":true}]}}