{"id":3074,"date":"2025-01-24T15:53:32","date_gmt":"2025-01-24T14:53:32","guid":{"rendered":"https:\/\/ideal-shopping.fr\/?post_type=product&#038;p=3074"},"modified":"2025-07-12T11:01:39","modified_gmt":"2025-07-12T09:01:39","slug":"veste-artesana","status":"publish","type":"product","link":"https:\/\/ideal-shopping.fr\/?product=veste-artesana","title":{"rendered":"Veste Artesana"},"content":{"rendered":"<p>Blouson col rond en baptiste de coton matelass\u00e9 esprit artisanal, motif brod\u00e9 de surpiq\u00fbres exclusif Sess\u00f9n.<br \/>\nD\u00e9tail de patte de serrage aux poignets.<\/p>\n<div class=\"free_desc\">\n<p>Col rond.<br \/>\nFermeture boutonn\u00e9e devant.<br \/>\nEmmanchures basses.<br \/>\nPoches dans la couture c\u00f4t\u00e9.<br \/>\nD\u00e9tail de patte de serrage contrast\u00e9e aux poignets.<br \/>\nJacron de cuir emboss\u00e9 \u00ab\u00a0\u00a0\u00bbSess\u00f9n\u00a0\u00bb\u00a0\u00bb au dos.<\/p>\n<\/div>\n<p class=\"composition\">100% Coton<\/p>\n","protected":false},"excerpt":{"rendered":"<p>Blouson col rond en baptiste de coton matelass\u00e9 esprit artisanal, motif brod\u00e9 de surpiq\u00fbres exclusif Sess\u00f9n. D\u00e9tail de patte de serrage aux poignets. Col rond. Fermeture boutonn\u00e9e devant. Emmanchures basses. Poches dans la couture c\u00f4t\u00e9. D\u00e9tail de patte de serrage contrast\u00e9e aux poignets. Jacron de cuir emboss\u00e9 \u00ab\u00a0\u00a0\u00bbSess\u00f9n\u00a0\u00bb\u00a0\u00bb au dos. 100% Coton<\/p>\n","protected":false},"featured_media":3076,"template":"","meta":[],"product_brand":[],"product_cat":[15],"product_tag":[],"class_list":{"0":"post-3074","1":"product","2":"type-product","3":"status-publish","4":"has-post-thumbnail","6":"product_cat-non-classe","7":"pa_marque-sessun","9":"first","10":"instock","11":"sale","12":"shipping-taxable","13":"purchasable","14":"product-type-variable"},"jetpack_sharing_enabled":true,"_links":{"self":[{"href":"https:\/\/ideal-shopping.fr\/index.php?rest_route=\/wp\/v2\/product\/3074","targetHints":{"allow":["GET"]}}],"collection":[{"href":"https:\/\/ideal-shopping.fr\/index.php?rest_route=\/wp\/v2\/product"}],"about":[{"href":"https:\/\/ideal-shopping.fr\/index.php?rest_route=\/wp\/v2\/types\/product"}],"wp:featuredmedia":[{"embeddable":true,"href":"https:\/\/ideal-shopping.fr\/index.php?rest_route=\/wp\/v2\/media\/3076"}],"wp:attachment":[{"href":"https:\/\/ideal-shopping.fr\/index.php?rest_route=%2Fwp%2Fv2%2Fmedia&parent=3074"}],"wp:term":[{"taxonomy":"product_brand","embeddable":true,"href":"https:\/\/ideal-shopping.fr\/index.php?rest_route=%2Fwp%2Fv2%2Fproduct_brand&post=3074"},{"taxonomy":"product_cat","embeddable":true,"href":"https:\/\/ideal-shopping.fr\/index.php?rest_route=%2Fwp%2Fv2%2Fproduct_cat&post=3074"},{"taxonomy":"product_tag","embeddable":true,"href":"https:\/\/ideal-shopping.fr\/index.php?rest_route=%2Fwp%2Fv2%2Fproduct_tag&post=3074"}],"curies":[{"name":"wp","href":"https:\/\/api.w.org\/{rel}","templated":true}]}}