{"id":2806,"date":"2024-12-10T15:52:53","date_gmt":"2024-12-10T14:52:53","guid":{"rendered":"https:\/\/ideal-shopping.fr\/?post_type=product&#038;p=2806"},"modified":"2025-01-23T16:04:35","modified_gmt":"2025-01-23T15:04:35","slug":"veste-king-louie-sylvie-phoenix","status":"publish","type":"product","link":"https:\/\/ideal-shopping.fr\/?product=veste-king-louie-sylvie-phoenix","title":{"rendered":"Veste King Louie Sylvie Phoenix"},"content":{"rendered":"<ul>\n<li>Blouson<\/li>\n<li>Manches longues<\/li>\n<li>Fermeture boutonn\u00e9e<\/li>\n<li>2 poches plaqu\u00e9es \u00e0 rabats sur le devant<\/li>\n<li>Non extensible<\/li>\n<li>Int\u00e9rieur doubl\u00e9<\/li>\n<li>Fausse fourrure<\/li>\n<li><strong>Composition:\u00a0<\/strong>100% polyester recycl\u00e9<strong><br \/>\nComposition Lining:\u00a0<\/strong>100% polyester<\/li>\n<\/ul>\n","protected":false},"excerpt":{"rendered":"<p>Blouson Manches longues Fermeture boutonn\u00e9e 2 poches plaqu\u00e9es \u00e0 rabats sur le devant Non extensible Int\u00e9rieur doubl\u00e9 Fausse fourrure Composition:\u00a0100% polyester recycl\u00e9 Composition Lining:\u00a0100% polyester<\/p>\n","protected":false},"featured_media":2808,"template":"","meta":[],"product_brand":[],"product_cat":[15],"product_tag":[],"class_list":{"0":"post-2806","1":"product","2":"type-product","3":"status-publish","4":"has-post-thumbnail","6":"product_cat-non-classe","7":"pa_marque-king-louie","9":"first","10":"instock","11":"sale","12":"shipping-taxable","13":"purchasable","14":"product-type-variable"},"jetpack_sharing_enabled":true,"_links":{"self":[{"href":"https:\/\/ideal-shopping.fr\/index.php?rest_route=\/wp\/v2\/product\/2806","targetHints":{"allow":["GET"]}}],"collection":[{"href":"https:\/\/ideal-shopping.fr\/index.php?rest_route=\/wp\/v2\/product"}],"about":[{"href":"https:\/\/ideal-shopping.fr\/index.php?rest_route=\/wp\/v2\/types\/product"}],"wp:featuredmedia":[{"embeddable":true,"href":"https:\/\/ideal-shopping.fr\/index.php?rest_route=\/wp\/v2\/media\/2808"}],"wp:attachment":[{"href":"https:\/\/ideal-shopping.fr\/index.php?rest_route=%2Fwp%2Fv2%2Fmedia&parent=2806"}],"wp:term":[{"taxonomy":"product_brand","embeddable":true,"href":"https:\/\/ideal-shopping.fr\/index.php?rest_route=%2Fwp%2Fv2%2Fproduct_brand&post=2806"},{"taxonomy":"product_cat","embeddable":true,"href":"https:\/\/ideal-shopping.fr\/index.php?rest_route=%2Fwp%2Fv2%2Fproduct_cat&post=2806"},{"taxonomy":"product_tag","embeddable":true,"href":"https:\/\/ideal-shopping.fr\/index.php?rest_route=%2Fwp%2Fv2%2Fproduct_tag&post=2806"}],"curies":[{"name":"wp","href":"https:\/\/api.w.org\/{rel}","templated":true}]}}