{"id":2798,"date":"2024-12-10T15:44:44","date_gmt":"2024-12-10T14:44:44","guid":{"rendered":"https:\/\/ideal-shopping.fr\/?post_type=product&#038;p=2798"},"modified":"2025-01-23T16:06:08","modified_gmt":"2025-01-23T15:06:08","slug":"manteau-king-louie-amelie-phoenix","status":"publish","type":"product","link":"https:\/\/ideal-shopping.fr\/?product=manteau-king-louie-amelie-phoenix","title":{"rendered":"Manteau King Louie Amelie Phoenix"},"content":{"rendered":"<ul>\n<li>Manteau d&rsquo;hiver<\/li>\n<li>Fermeture \u00e0 double boutonni\u00e8re<\/li>\n<li>Col \u00e0 revers<\/li>\n<li>Poches raglan<\/li>\n<li>Int\u00e9rieur doubl\u00e9<\/li>\n<li>Fausse fourrure<\/li>\n<li><strong>Composition:\u00a0<\/strong>100% polyester recycl\u00e9<strong><br \/>\nComposition Lining:\u00a0<\/strong>100% polyester<\/li>\n<\/ul>\n","protected":false},"excerpt":{"rendered":"<p>Manteau d&rsquo;hiver Fermeture \u00e0 double boutonni\u00e8re Col \u00e0 revers Poches raglan Int\u00e9rieur doubl\u00e9 Fausse fourrure Composition:\u00a0100% polyester recycl\u00e9 Composition Lining:\u00a0100% polyester<\/p>\n","protected":false},"featured_media":2805,"template":"","meta":[],"product_brand":[],"product_cat":[15],"product_tag":[],"class_list":{"0":"post-2798","1":"product","2":"type-product","3":"status-publish","4":"has-post-thumbnail","6":"product_cat-non-classe","7":"pa_marque-king-louie","9":"first","10":"instock","11":"sale","12":"shipping-taxable","13":"purchasable","14":"product-type-variable"},"jetpack_sharing_enabled":true,"_links":{"self":[{"href":"https:\/\/ideal-shopping.fr\/index.php?rest_route=\/wp\/v2\/product\/2798","targetHints":{"allow":["GET"]}}],"collection":[{"href":"https:\/\/ideal-shopping.fr\/index.php?rest_route=\/wp\/v2\/product"}],"about":[{"href":"https:\/\/ideal-shopping.fr\/index.php?rest_route=\/wp\/v2\/types\/product"}],"wp:featuredmedia":[{"embeddable":true,"href":"https:\/\/ideal-shopping.fr\/index.php?rest_route=\/wp\/v2\/media\/2805"}],"wp:attachment":[{"href":"https:\/\/ideal-shopping.fr\/index.php?rest_route=%2Fwp%2Fv2%2Fmedia&parent=2798"}],"wp:term":[{"taxonomy":"product_brand","embeddable":true,"href":"https:\/\/ideal-shopping.fr\/index.php?rest_route=%2Fwp%2Fv2%2Fproduct_brand&post=2798"},{"taxonomy":"product_cat","embeddable":true,"href":"https:\/\/ideal-shopping.fr\/index.php?rest_route=%2Fwp%2Fv2%2Fproduct_cat&post=2798"},{"taxonomy":"product_tag","embeddable":true,"href":"https:\/\/ideal-shopping.fr\/index.php?rest_route=%2Fwp%2Fv2%2Fproduct_tag&post=2798"}],"curies":[{"name":"wp","href":"https:\/\/api.w.org\/{rel}","templated":true}]}}