{"id":2792,"date":"2024-12-10T15:31:51","date_gmt":"2024-12-10T14:31:51","guid":{"rendered":"https:\/\/ideal-shopping.fr\/?post_type=product&#038;p=2792"},"modified":"2026-01-07T12:25:22","modified_gmt":"2026-01-07T11:25:22","slug":"combinaison-king-louie-alexa-uni-rodeo-2","status":"publish","type":"product","link":"https:\/\/ideal-shopping.fr\/?product=combinaison-king-louie-alexa-uni-rodeo-2","title":{"rendered":"Combinaison King louie Alexa Uni Rodeo"},"content":{"rendered":"<ul>\n<li>Combinaison manches 3\/4<\/li>\n<li>Col de chemise<\/li>\n<li>Fermeture zipp\u00e9e et boutonn\u00e9e<\/li>\n<li>Poches \u00e0 rabat sur la poitrine<\/li>\n<li>Ceinture \u00e0 nouer<\/li>\n<li>Poches lat\u00e9rales<\/li>\n<li>Jambes droites<\/li>\n<li>Tissu tiss\u00e9<\/li>\n<li>Tissu extensible<\/li>\n<li>Couleur:Noir<\/li>\n<li><strong>Composition:\u00a0<\/strong>60% viscose, 35% nylon, 5% \u00e9lasthanne<strong><br \/>\nComposition Lining:<\/strong><\/li>\n<\/ul>\n","protected":false},"excerpt":{"rendered":"<p>Combinaison manches 3\/4 Col de chemise Fermeture zipp\u00e9e et boutonn\u00e9e Poches \u00e0 rabat sur la poitrine Ceinture \u00e0 nouer Poches lat\u00e9rales Jambes droites Tissu tiss\u00e9 Tissu extensible Couleur:Noir Composition:\u00a060% viscose, 35% nylon, 5% \u00e9lasthanne Composition Lining:<\/p>\n","protected":false},"featured_media":2794,"template":"","meta":[],"product_brand":[],"product_cat":[15],"product_tag":[],"class_list":{"0":"post-2792","1":"product","2":"type-product","3":"status-publish","4":"has-post-thumbnail","6":"product_cat-non-classe","7":"pa_marque-king-louie","9":"first","10":"instock","11":"sale","12":"shipping-taxable","13":"purchasable","14":"product-type-variable"},"jetpack_sharing_enabled":true,"_links":{"self":[{"href":"https:\/\/ideal-shopping.fr\/index.php?rest_route=\/wp\/v2\/product\/2792","targetHints":{"allow":["GET"]}}],"collection":[{"href":"https:\/\/ideal-shopping.fr\/index.php?rest_route=\/wp\/v2\/product"}],"about":[{"href":"https:\/\/ideal-shopping.fr\/index.php?rest_route=\/wp\/v2\/types\/product"}],"wp:featuredmedia":[{"embeddable":true,"href":"https:\/\/ideal-shopping.fr\/index.php?rest_route=\/wp\/v2\/media\/2794"}],"wp:attachment":[{"href":"https:\/\/ideal-shopping.fr\/index.php?rest_route=%2Fwp%2Fv2%2Fmedia&parent=2792"}],"wp:term":[{"taxonomy":"product_brand","embeddable":true,"href":"https:\/\/ideal-shopping.fr\/index.php?rest_route=%2Fwp%2Fv2%2Fproduct_brand&post=2792"},{"taxonomy":"product_cat","embeddable":true,"href":"https:\/\/ideal-shopping.fr\/index.php?rest_route=%2Fwp%2Fv2%2Fproduct_cat&post=2792"},{"taxonomy":"product_tag","embeddable":true,"href":"https:\/\/ideal-shopping.fr\/index.php?rest_route=%2Fwp%2Fv2%2Fproduct_tag&post=2792"}],"curies":[{"name":"wp","href":"https:\/\/api.w.org\/{rel}","templated":true}]}}