{"id":2775,"date":"2024-12-10T14:45:22","date_gmt":"2024-12-10T13:45:22","guid":{"rendered":"https:\/\/ideal-shopping.fr\/?post_type=product&#038;p=2775"},"modified":"2025-01-23T16:08:28","modified_gmt":"2025-01-23T15:08:28","slug":"robe-charlie-joe-rosina","status":"publish","type":"product","link":"https:\/\/ideal-shopping.fr\/?product=robe-charlie-joe-rosina","title":{"rendered":"Robe Charlie Joe ROSINA"},"content":{"rendered":"<h4>Robe longue \u00e0 motif<\/h4>\n<p>. Coupe l\u00e9g\u00e8rement \u00e9vas\u00e9e<\/p>\n<p>. Col cravate<\/p>\n<p>. Patte de boutonnage devant<\/p>\n<p>. Manches longues avec poignets boutonn\u00e9s<\/p>\n<p>. Fronces \u00e9paules, milieu devant et dos<\/p>\n<p>. Poches italiennes c\u00f4t\u00e9<\/p>\n<p>. Fausse poche poitrine avec pression dor\u00e9e<\/p>\n<p>. Base droite<\/p>\n<p>100% Rayonne<\/p>\n","protected":false},"excerpt":{"rendered":"<p>Robe longue \u00e0 motif . Coupe l\u00e9g\u00e8rement \u00e9vas\u00e9e . Col cravate . Patte de boutonnage devant . Manches longues avec poignets boutonn\u00e9s . Fronces \u00e9paules, milieu devant et dos . Poches italiennes c\u00f4t\u00e9 . Fausse poche poitrine avec pression dor\u00e9e . Base droite 100% Rayonne<\/p>\n","protected":false},"featured_media":2777,"template":"","meta":[],"product_brand":[],"product_cat":[15],"product_tag":[],"class_list":{"0":"post-2775","1":"product","2":"type-product","3":"status-publish","4":"has-post-thumbnail","6":"product_cat-non-classe","7":"pa_marque-charlie-joe","9":"first","10":"instock","11":"sale","12":"shipping-taxable","13":"purchasable","14":"product-type-variable"},"jetpack_sharing_enabled":true,"_links":{"self":[{"href":"https:\/\/ideal-shopping.fr\/index.php?rest_route=\/wp\/v2\/product\/2775","targetHints":{"allow":["GET"]}}],"collection":[{"href":"https:\/\/ideal-shopping.fr\/index.php?rest_route=\/wp\/v2\/product"}],"about":[{"href":"https:\/\/ideal-shopping.fr\/index.php?rest_route=\/wp\/v2\/types\/product"}],"wp:featuredmedia":[{"embeddable":true,"href":"https:\/\/ideal-shopping.fr\/index.php?rest_route=\/wp\/v2\/media\/2777"}],"wp:attachment":[{"href":"https:\/\/ideal-shopping.fr\/index.php?rest_route=%2Fwp%2Fv2%2Fmedia&parent=2775"}],"wp:term":[{"taxonomy":"product_brand","embeddable":true,"href":"https:\/\/ideal-shopping.fr\/index.php?rest_route=%2Fwp%2Fv2%2Fproduct_brand&post=2775"},{"taxonomy":"product_cat","embeddable":true,"href":"https:\/\/ideal-shopping.fr\/index.php?rest_route=%2Fwp%2Fv2%2Fproduct_cat&post=2775"},{"taxonomy":"product_tag","embeddable":true,"href":"https:\/\/ideal-shopping.fr\/index.php?rest_route=%2Fwp%2Fv2%2Fproduct_tag&post=2775"}],"curies":[{"name":"wp","href":"https:\/\/api.w.org\/{rel}","templated":true}]}}