{"id":2601,"date":"2024-12-06T14:15:20","date_gmt":"2024-12-06T13:15:20","guid":{"rendered":"https:\/\/ideal-shopping.fr\/?post_type=product&#038;p=2601"},"modified":"2025-11-14T10:58:38","modified_gmt":"2025-11-14T09:58:38","slug":"pantalon-sessun-hudpeach-panthom","status":"publish","type":"product","link":"https:\/\/ideal-shopping.fr\/?product=pantalon-sessun-hudpeach-panthom","title":{"rendered":"Pantalon Sessun Hudpeach\/panthom"},"content":{"rendered":"<p>Pantalon en A en gabardine fa\u00e7on su\u00e9dine, finition velvet, teinte en plong\u00e9e, tiss\u00e9 en Espagne.<\/p>\n<p>Pantalon en A en gabardine fa\u00e7on su\u00e9dine, finition velvet, teinte en plong\u00e9e, tiss\u00e9 en Espagne.<\/p>\n<div class=\"free_desc\">\n<p>Taille haute.<br \/>\nFermeture \u00e0 glissi\u00e8re et bouton \u00e0 la ceinture.<br \/>\nPoches plaqu\u00e9es devant et dos avec double surpiq\u00fbre.<\/p>\n<\/div>\n<p class=\"composition\">98% Coton 2% Elasthanne<\/p>\n","protected":false},"excerpt":{"rendered":"<p>Pantalon en A en gabardine fa\u00e7on su\u00e9dine, finition velvet, teinte en plong\u00e9e, tiss\u00e9 en Espagne. Pantalon en A en gabardine fa\u00e7on su\u00e9dine, finition velvet, teinte en plong\u00e9e, tiss\u00e9 en Espagne. Taille haute. Fermeture \u00e0 glissi\u00e8re et bouton \u00e0 la ceinture. Poches plaqu\u00e9es devant et dos avec double surpiq\u00fbre. 98% Coton 2% Elasthanne<\/p>\n","protected":false},"featured_media":2603,"template":"","meta":[],"product_brand":[],"product_cat":[15],"product_tag":[],"class_list":{"0":"post-2601","1":"product","2":"type-product","3":"status-publish","4":"has-post-thumbnail","6":"product_cat-non-classe","7":"pa_marque-sessun","9":"first","10":"instock","11":"sale","12":"shipping-taxable","13":"purchasable","14":"product-type-variable"},"jetpack_sharing_enabled":true,"_links":{"self":[{"href":"https:\/\/ideal-shopping.fr\/index.php?rest_route=\/wp\/v2\/product\/2601","targetHints":{"allow":["GET"]}}],"collection":[{"href":"https:\/\/ideal-shopping.fr\/index.php?rest_route=\/wp\/v2\/product"}],"about":[{"href":"https:\/\/ideal-shopping.fr\/index.php?rest_route=\/wp\/v2\/types\/product"}],"wp:featuredmedia":[{"embeddable":true,"href":"https:\/\/ideal-shopping.fr\/index.php?rest_route=\/wp\/v2\/media\/2603"}],"wp:attachment":[{"href":"https:\/\/ideal-shopping.fr\/index.php?rest_route=%2Fwp%2Fv2%2Fmedia&parent=2601"}],"wp:term":[{"taxonomy":"product_brand","embeddable":true,"href":"https:\/\/ideal-shopping.fr\/index.php?rest_route=%2Fwp%2Fv2%2Fproduct_brand&post=2601"},{"taxonomy":"product_cat","embeddable":true,"href":"https:\/\/ideal-shopping.fr\/index.php?rest_route=%2Fwp%2Fv2%2Fproduct_cat&post=2601"},{"taxonomy":"product_tag","embeddable":true,"href":"https:\/\/ideal-shopping.fr\/index.php?rest_route=%2Fwp%2Fv2%2Fproduct_tag&post=2601"}],"curies":[{"name":"wp","href":"https:\/\/api.w.org\/{rel}","templated":true}]}}