{"id":2572,"date":"2024-12-06T12:08:46","date_gmt":"2024-12-06T11:08:46","guid":{"rendered":"https:\/\/ideal-shopping.fr\/?post_type=product&#038;p=2572"},"modified":"2024-12-06T12:14:10","modified_gmt":"2024-12-06T11:14:10","slug":"sac-niu-mimita-sessun","status":"publish","type":"product","link":"https:\/\/ideal-shopping.fr\/?product=sac-niu-mimita-sessun","title":{"rendered":"Sac Niu mimita Sessun"},"content":{"rendered":"<p>Petit sac besace en cuir de vache.<\/p>\n<ul>\n<li>Trois compartiments dont un zipp\u00e9. Poche plaqu\u00e9e sur l&rsquo;avant et l&rsquo;arri\u00e8re du sac.<\/li>\n<li>Longueur totale cha\u00eene :<br \/>\n&#8211; Port\u00e9 court : 61 cm<br \/>\n&#8211; Port\u00e9 long : 106 cm<\/li>\n<li>Fermeture par un aimant magn\u00e9tique<\/li>\n<li>M\u00e9tallerie finition dor\u00e9e vieillie<\/li>\n<li>Doublure en coton<\/li>\n<li>Livr\u00e9 avec son pochon de protection en coton<\/li>\n<li>Logo emboss\u00e9 \u00e0 chaud sur le devant du sac<\/li>\n<li>Dimensions : 14 x 20,5 x 7 cm<\/li>\n<li>Poids : 620 g<\/li>\n<li>Cuir de Vache<\/li>\n<\/ul>\n","protected":false},"excerpt":{"rendered":"<p>Petit sac besace en cuir de vache. Trois compartiments dont un zipp\u00e9. Poche plaqu\u00e9e sur l&rsquo;avant et l&rsquo;arri\u00e8re du sac. Longueur totale cha\u00eene : &#8211; Port\u00e9 court : 61 cm &#8211; Port\u00e9 long : 106 cm Fermeture par un aimant magn\u00e9tique M\u00e9tallerie finition dor\u00e9e vieillie Doublure en coton Livr\u00e9 avec son pochon de protection en&hellip;<\/p>\n","protected":false},"featured_media":2573,"template":"","meta":[],"product_brand":[],"product_cat":[15],"product_tag":[],"class_list":{"0":"post-2572","1":"product","2":"type-product","3":"status-publish","4":"has-post-thumbnail","6":"product_cat-non-classe","7":"pa_marque-sessun","9":"first","10":"instock","11":"shipping-taxable","12":"purchasable","13":"product-type-simple"},"jetpack_sharing_enabled":true,"_links":{"self":[{"href":"https:\/\/ideal-shopping.fr\/index.php?rest_route=\/wp\/v2\/product\/2572","targetHints":{"allow":["GET"]}}],"collection":[{"href":"https:\/\/ideal-shopping.fr\/index.php?rest_route=\/wp\/v2\/product"}],"about":[{"href":"https:\/\/ideal-shopping.fr\/index.php?rest_route=\/wp\/v2\/types\/product"}],"wp:featuredmedia":[{"embeddable":true,"href":"https:\/\/ideal-shopping.fr\/index.php?rest_route=\/wp\/v2\/media\/2573"}],"wp:attachment":[{"href":"https:\/\/ideal-shopping.fr\/index.php?rest_route=%2Fwp%2Fv2%2Fmedia&parent=2572"}],"wp:term":[{"taxonomy":"product_brand","embeddable":true,"href":"https:\/\/ideal-shopping.fr\/index.php?rest_route=%2Fwp%2Fv2%2Fproduct_brand&post=2572"},{"taxonomy":"product_cat","embeddable":true,"href":"https:\/\/ideal-shopping.fr\/index.php?rest_route=%2Fwp%2Fv2%2Fproduct_cat&post=2572"},{"taxonomy":"product_tag","embeddable":true,"href":"https:\/\/ideal-shopping.fr\/index.php?rest_route=%2Fwp%2Fv2%2Fproduct_tag&post=2572"}],"curies":[{"name":"wp","href":"https:\/\/api.w.org\/{rel}","templated":true}]}}