{"id":2534,"date":"2024-12-06T11:13:43","date_gmt":"2024-12-06T10:13:43","guid":{"rendered":"https:\/\/ideal-shopping.fr\/?post_type=product&#038;p=2534"},"modified":"2024-12-06T11:21:41","modified_gmt":"2024-12-06T10:21:41","slug":"sac-sessun-divinou-leather-noir","status":"publish","type":"product","link":"https:\/\/ideal-shopping.fr\/?product=sac-sessun-divinou-leather-noir","title":{"rendered":"Sac Sessun Divinou leather noir"},"content":{"rendered":"<p>175\u20ac<\/p>\n<p>Petit sac en cuir d&rsquo;agneau matelass\u00e9 surpiqu\u00e9 avec anse chaine bijou.<\/p>\n<ul>\n<li>Un compartiment central zipp\u00e9 et deux poches ext\u00e9rieures<\/li>\n<li>Longueur totale bandouli\u00e8re : 105 cm<\/li>\n<li>Fermeture par un zip m\u00e9tallique<\/li>\n<li>M\u00e9tallerie finition dor\u00e9e vieillie<\/li>\n<li>Doublure en coton<\/li>\n<li>Livr\u00e9 avec son pochon de protection en coton<\/li>\n<li>Logo emboss\u00e9 \u00e0 chaud sur l&rsquo;arri\u00e8re du sac<\/li>\n<li>Dimensions : 12 x 20 x 6 cm<\/li>\n<li>Poids : 360 g<\/li>\n<li>Cuir d&rsquo;agneau<\/li>\n<\/ul>\n","protected":false},"excerpt":{"rendered":"<p>175\u20ac Petit sac en cuir d&rsquo;agneau matelass\u00e9 surpiqu\u00e9 avec anse chaine bijou. Un compartiment central zipp\u00e9 et deux poches ext\u00e9rieures Longueur totale bandouli\u00e8re : 105 cm Fermeture par un zip m\u00e9tallique M\u00e9tallerie finition dor\u00e9e vieillie Doublure en coton Livr\u00e9 avec son pochon de protection en coton Logo emboss\u00e9 \u00e0 chaud sur l&rsquo;arri\u00e8re du sac Dimensions&hellip;<\/p>\n","protected":false},"featured_media":2537,"template":"","meta":[],"product_brand":[],"product_cat":[15],"product_tag":[],"class_list":{"0":"post-2534","1":"product","2":"type-product","3":"status-publish","4":"has-post-thumbnail","6":"product_cat-non-classe","7":"pa_marque-sessun","9":"first","10":"instock","11":"shipping-taxable","12":"purchasable","13":"product-type-simple"},"jetpack_sharing_enabled":true,"_links":{"self":[{"href":"https:\/\/ideal-shopping.fr\/index.php?rest_route=\/wp\/v2\/product\/2534","targetHints":{"allow":["GET"]}}],"collection":[{"href":"https:\/\/ideal-shopping.fr\/index.php?rest_route=\/wp\/v2\/product"}],"about":[{"href":"https:\/\/ideal-shopping.fr\/index.php?rest_route=\/wp\/v2\/types\/product"}],"wp:featuredmedia":[{"embeddable":true,"href":"https:\/\/ideal-shopping.fr\/index.php?rest_route=\/wp\/v2\/media\/2537"}],"wp:attachment":[{"href":"https:\/\/ideal-shopping.fr\/index.php?rest_route=%2Fwp%2Fv2%2Fmedia&parent=2534"}],"wp:term":[{"taxonomy":"product_brand","embeddable":true,"href":"https:\/\/ideal-shopping.fr\/index.php?rest_route=%2Fwp%2Fv2%2Fproduct_brand&post=2534"},{"taxonomy":"product_cat","embeddable":true,"href":"https:\/\/ideal-shopping.fr\/index.php?rest_route=%2Fwp%2Fv2%2Fproduct_cat&post=2534"},{"taxonomy":"product_tag","embeddable":true,"href":"https:\/\/ideal-shopping.fr\/index.php?rest_route=%2Fwp%2Fv2%2Fproduct_tag&post=2534"}],"curies":[{"name":"wp","href":"https:\/\/api.w.org\/{rel}","templated":true}]}}