{"id":2507,"date":"2024-12-05T13:38:26","date_gmt":"2024-12-05T12:38:26","guid":{"rendered":"https:\/\/ideal-shopping.fr\/?post_type=product&#038;p=2507"},"modified":"2024-12-05T13:42:48","modified_gmt":"2024-12-05T12:42:48","slug":"jean-mos-mosh-mmalli-cover","status":"publish","type":"product","link":"https:\/\/ideal-shopping.fr\/?product=jean-mos-mosh-mmalli-cover","title":{"rendered":"Jean Mos Mosh  MMAlli Cover"},"content":{"rendered":"<p>Ce ne sont pas des jeans \u00e0 cinq poches ordinaires. Ils sont con\u00e7us dans une coupe skinny avec une taille haute et sont fabriqu\u00e9s \u00e0 partir de coton et de polyester recycl\u00e9s, ce qui les rend tr\u00e8s doux. Ils vont avec presque tout, soyez cr\u00e9atif et n&rsquo;oubliez pas votre rouge \u00e0 l\u00e8vres pr\u00e9f\u00e9r\u00e9 !<\/p>\n<p>78% coton<br \/>\n20% polyester<br \/>\n2% \u00e9lasthanne<\/p>\n","protected":false},"excerpt":{"rendered":"<p>Ce ne sont pas des jeans \u00e0 cinq poches ordinaires. Ils sont con\u00e7us dans une coupe skinny avec une taille haute et sont fabriqu\u00e9s \u00e0 partir de coton et de polyester recycl\u00e9s, ce qui les rend tr\u00e8s doux. Ils vont avec presque tout, soyez cr\u00e9atif et n&rsquo;oubliez pas votre rouge \u00e0 l\u00e8vres pr\u00e9f\u00e9r\u00e9 ! 78%&hellip;<\/p>\n","protected":false},"featured_media":2512,"template":"","meta":[],"product_brand":[],"product_cat":[15],"product_tag":[],"class_list":{"0":"post-2507","1":"product","2":"type-product","3":"status-publish","4":"has-post-thumbnail","6":"product_cat-non-classe","7":"pa_marque-mosmosh","9":"first","10":"instock","11":"shipping-taxable","12":"purchasable","13":"product-type-variable"},"jetpack_sharing_enabled":true,"_links":{"self":[{"href":"https:\/\/ideal-shopping.fr\/index.php?rest_route=\/wp\/v2\/product\/2507","targetHints":{"allow":["GET"]}}],"collection":[{"href":"https:\/\/ideal-shopping.fr\/index.php?rest_route=\/wp\/v2\/product"}],"about":[{"href":"https:\/\/ideal-shopping.fr\/index.php?rest_route=\/wp\/v2\/types\/product"}],"wp:featuredmedia":[{"embeddable":true,"href":"https:\/\/ideal-shopping.fr\/index.php?rest_route=\/wp\/v2\/media\/2512"}],"wp:attachment":[{"href":"https:\/\/ideal-shopping.fr\/index.php?rest_route=%2Fwp%2Fv2%2Fmedia&parent=2507"}],"wp:term":[{"taxonomy":"product_brand","embeddable":true,"href":"https:\/\/ideal-shopping.fr\/index.php?rest_route=%2Fwp%2Fv2%2Fproduct_brand&post=2507"},{"taxonomy":"product_cat","embeddable":true,"href":"https:\/\/ideal-shopping.fr\/index.php?rest_route=%2Fwp%2Fv2%2Fproduct_cat&post=2507"},{"taxonomy":"product_tag","embeddable":true,"href":"https:\/\/ideal-shopping.fr\/index.php?rest_route=%2Fwp%2Fv2%2Fproduct_tag&post=2507"}],"curies":[{"name":"wp","href":"https:\/\/api.w.org\/{rel}","templated":true}]}}