{"id":2500,"date":"2024-12-05T13:25:43","date_gmt":"2024-12-05T12:25:43","guid":{"rendered":"https:\/\/ideal-shopping.fr\/?post_type=product&#038;p=2500"},"modified":"2025-01-23T16:33:54","modified_gmt":"2025-01-23T15:33:54","slug":"jean-mos-mosh-colla-de-mmnaomi","status":"publish","type":"product","link":"https:\/\/ideal-shopping.fr\/?product=jean-mos-mosh-colla-de-mmnaomi","title":{"rendered":"Jean Mos Mosh Colla de MMNaomi"},"content":{"rendered":"<p>Jean bleu fonc\u00e9 captivant, confectionn\u00e9 \u00e0 la perfection dans une coupe fusel\u00e9e avec une taille haute \u00e0 mi-haute polyvalente. Con\u00e7u pour votre confort et votre style, il offre la flexibilit\u00e9 d&rsquo;\u00eatre port\u00e9 bas sur la hanche ou haut sur la taille. Orn\u00e9 de poches Naomi embl\u00e9matiques avec des d\u00e9tails en lurex subtils et des fermetures \u00e9clair, leur donnant une touche d&rsquo;inspiration rock&rsquo;n&rsquo;roll. Compl\u00e9tez votre tenue en les associant \u00e0 un tricot chaud et \u00e0 des baskets.<\/p>\n<p>98% coton<br \/>\n2% \u00e9lasthanne<\/p>\n","protected":false},"excerpt":{"rendered":"<p>Jean bleu fonc\u00e9 captivant, confectionn\u00e9 \u00e0 la perfection dans une coupe fusel\u00e9e avec une taille haute \u00e0 mi-haute polyvalente. Con\u00e7u pour votre confort et votre style, il offre la flexibilit\u00e9 d&rsquo;\u00eatre port\u00e9 bas sur la hanche ou haut sur la taille. Orn\u00e9 de poches Naomi embl\u00e9matiques avec des d\u00e9tails en lurex subtils et des fermetures&hellip;<\/p>\n","protected":false},"featured_media":2506,"template":"","meta":[],"product_brand":[],"product_cat":[15],"product_tag":[],"class_list":{"0":"post-2500","1":"product","2":"type-product","3":"status-publish","4":"has-post-thumbnail","6":"product_cat-non-classe","7":"pa_marque-mosmosh","9":"first","10":"instock","11":"sale","12":"shipping-taxable","13":"purchasable","14":"product-type-variable"},"jetpack_sharing_enabled":true,"_links":{"self":[{"href":"https:\/\/ideal-shopping.fr\/index.php?rest_route=\/wp\/v2\/product\/2500","targetHints":{"allow":["GET"]}}],"collection":[{"href":"https:\/\/ideal-shopping.fr\/index.php?rest_route=\/wp\/v2\/product"}],"about":[{"href":"https:\/\/ideal-shopping.fr\/index.php?rest_route=\/wp\/v2\/types\/product"}],"wp:featuredmedia":[{"embeddable":true,"href":"https:\/\/ideal-shopping.fr\/index.php?rest_route=\/wp\/v2\/media\/2506"}],"wp:attachment":[{"href":"https:\/\/ideal-shopping.fr\/index.php?rest_route=%2Fwp%2Fv2%2Fmedia&parent=2500"}],"wp:term":[{"taxonomy":"product_brand","embeddable":true,"href":"https:\/\/ideal-shopping.fr\/index.php?rest_route=%2Fwp%2Fv2%2Fproduct_brand&post=2500"},{"taxonomy":"product_cat","embeddable":true,"href":"https:\/\/ideal-shopping.fr\/index.php?rest_route=%2Fwp%2Fv2%2Fproduct_cat&post=2500"},{"taxonomy":"product_tag","embeddable":true,"href":"https:\/\/ideal-shopping.fr\/index.php?rest_route=%2Fwp%2Fv2%2Fproduct_tag&post=2500"}],"curies":[{"name":"wp","href":"https:\/\/api.w.org\/{rel}","templated":true}]}}