{"id":2383,"date":"2024-12-04T15:34:14","date_gmt":"2024-12-04T14:34:14","guid":{"rendered":"https:\/\/ideal-shopping.fr\/?post_type=product&#038;p=2383"},"modified":"2025-01-23T17:56:36","modified_gmt":"2025-01-23T16:56:36","slug":"pantalon-maison-hotel-ross-disco-denim","status":"publish","type":"product","link":"https:\/\/ideal-shopping.fr\/?product=pantalon-maison-hotel-ross-disco-denim","title":{"rendered":"Pantalon Maison hotel-Ross-Disco Denim"},"content":{"rendered":"<p>Le pantalon Ross en denim.<\/p>\n<p>La plupart de nos pantalons sur mesure de haute qualit\u00e9 sont coup\u00e9s dans une usine pr\u00e8s de Cuenca, en Espagne, et le pantalon Ross en denim de coton ne fait pas exception.<\/p>\n<p>Associ\u00e9s ici aux chemisiers Audrey et Beth.<\/p>\n<p>&#8211; 98% Coton, 2% Elasthanne.<\/p>\n","protected":false},"excerpt":{"rendered":"<p>Le pantalon Ross en denim. La plupart de nos pantalons sur mesure de haute qualit\u00e9 sont coup\u00e9s dans une usine pr\u00e8s de Cuenca, en Espagne, et le pantalon Ross en denim de coton ne fait pas exception. Associ\u00e9s ici aux chemisiers Audrey et Beth. &#8211; 98% Coton, 2% Elasthanne.<\/p>\n","protected":false},"featured_media":2385,"template":"","meta":[],"product_brand":[],"product_cat":[15],"product_tag":[],"class_list":{"0":"post-2383","1":"product","2":"type-product","3":"status-publish","4":"has-post-thumbnail","6":"product_cat-non-classe","7":"pa_marque-maison-hotel","9":"first","10":"instock","11":"sale","12":"shipping-taxable","13":"purchasable","14":"product-type-variable","15":"has-default-attributes"},"jetpack_sharing_enabled":true,"_links":{"self":[{"href":"https:\/\/ideal-shopping.fr\/index.php?rest_route=\/wp\/v2\/product\/2383","targetHints":{"allow":["GET"]}}],"collection":[{"href":"https:\/\/ideal-shopping.fr\/index.php?rest_route=\/wp\/v2\/product"}],"about":[{"href":"https:\/\/ideal-shopping.fr\/index.php?rest_route=\/wp\/v2\/types\/product"}],"wp:featuredmedia":[{"embeddable":true,"href":"https:\/\/ideal-shopping.fr\/index.php?rest_route=\/wp\/v2\/media\/2385"}],"wp:attachment":[{"href":"https:\/\/ideal-shopping.fr\/index.php?rest_route=%2Fwp%2Fv2%2Fmedia&parent=2383"}],"wp:term":[{"taxonomy":"product_brand","embeddable":true,"href":"https:\/\/ideal-shopping.fr\/index.php?rest_route=%2Fwp%2Fv2%2Fproduct_brand&post=2383"},{"taxonomy":"product_cat","embeddable":true,"href":"https:\/\/ideal-shopping.fr\/index.php?rest_route=%2Fwp%2Fv2%2Fproduct_cat&post=2383"},{"taxonomy":"product_tag","embeddable":true,"href":"https:\/\/ideal-shopping.fr\/index.php?rest_route=%2Fwp%2Fv2%2Fproduct_tag&post=2383"}],"curies":[{"name":"wp","href":"https:\/\/api.w.org\/{rel}","templated":true}]}}