{"id":2251,"date":"2024-11-30T12:51:57","date_gmt":"2024-11-30T11:51:57","guid":{"rendered":"https:\/\/ideal-shopping.fr\/?post_type=product&#038;p=2251"},"modified":"2026-01-07T12:31:28","modified_gmt":"2026-01-07T11:31:28","slug":"chemise-lady-d-fleur-de-sel","status":"publish","type":"product","link":"https:\/\/ideal-shopping.fr\/?product=chemise-lady-d-fleur-de-sel","title":{"rendered":"Chemise Lady D Fleur de Sel"},"content":{"rendered":"<p>Chemise ample \u00e0 emmanchures basses en satin de cupro.<\/p>\n<p>Ce produit est compos\u00e9 de cupro, en compl\u00e9ment du coton.<\/p>\n<div class=\"free_desc\">\n<p>Fermeture boutonn\u00e9e cach\u00e9e et un bouton bijou au pied de col.<br \/>\nEmpi\u00e8cement aux \u00e9paules.<br \/>\nEmmanchures basses.<\/p>\n<\/div>\n<p class=\"composition\">70% Cupro 30% Coton<\/p>\n","protected":false},"excerpt":{"rendered":"<p>Chemise ample \u00e0 emmanchures basses en satin de cupro. Ce produit est compos\u00e9 de cupro, en compl\u00e9ment du coton. Fermeture boutonn\u00e9e cach\u00e9e et un bouton bijou au pied de col. Empi\u00e8cement aux \u00e9paules. Emmanchures basses. 70% Cupro 30% Coton<\/p>\n","protected":false},"featured_media":2253,"template":"","meta":[],"product_brand":[],"product_cat":[15],"product_tag":[],"class_list":{"0":"post-2251","1":"product","2":"type-product","3":"status-publish","4":"has-post-thumbnail","6":"product_cat-non-classe","7":"pa_marque-sessun","9":"first","10":"instock","11":"sale","12":"shipping-taxable","13":"purchasable","14":"product-type-variable"},"jetpack_sharing_enabled":true,"_links":{"self":[{"href":"https:\/\/ideal-shopping.fr\/index.php?rest_route=\/wp\/v2\/product\/2251","targetHints":{"allow":["GET"]}}],"collection":[{"href":"https:\/\/ideal-shopping.fr\/index.php?rest_route=\/wp\/v2\/product"}],"about":[{"href":"https:\/\/ideal-shopping.fr\/index.php?rest_route=\/wp\/v2\/types\/product"}],"wp:featuredmedia":[{"embeddable":true,"href":"https:\/\/ideal-shopping.fr\/index.php?rest_route=\/wp\/v2\/media\/2253"}],"wp:attachment":[{"href":"https:\/\/ideal-shopping.fr\/index.php?rest_route=%2Fwp%2Fv2%2Fmedia&parent=2251"}],"wp:term":[{"taxonomy":"product_brand","embeddable":true,"href":"https:\/\/ideal-shopping.fr\/index.php?rest_route=%2Fwp%2Fv2%2Fproduct_brand&post=2251"},{"taxonomy":"product_cat","embeddable":true,"href":"https:\/\/ideal-shopping.fr\/index.php?rest_route=%2Fwp%2Fv2%2Fproduct_cat&post=2251"},{"taxonomy":"product_tag","embeddable":true,"href":"https:\/\/ideal-shopping.fr\/index.php?rest_route=%2Fwp%2Fv2%2Fproduct_tag&post=2251"}],"curies":[{"name":"wp","href":"https:\/\/api.w.org\/{rel}","templated":true}]}}