{"id":2174,"date":"2024-11-29T12:07:20","date_gmt":"2024-11-29T11:07:20","guid":{"rendered":"https:\/\/ideal-shopping.fr\/?post_type=product&#038;p=2174"},"modified":"2024-11-29T12:07:46","modified_gmt":"2024-11-29T11:07:46","slug":"pantalon-maison-hotel-pepa-ying-yang","status":"publish","type":"product","link":"https:\/\/ideal-shopping.fr\/?product=pantalon-maison-hotel-pepa-ying-yang","title":{"rendered":"Pantalon  Maison Hotel Pepa &#8211; Ying Yang"},"content":{"rendered":"<p>Confectionn\u00e9 en coton luxueux et textur\u00e9, ce pantalon pr\u00e9sente un motif floral sur un fond noir profond. Les motifs de magnolia, rendus dans des tons terreux et att\u00e9nu\u00e9s, ajoutent une touche de romantisme vintage La coupe taille haute flatte la silhouette, avant de se transformer en une jambe large et d\u00e9contract\u00e9e .<\/p>\n","protected":false},"excerpt":{"rendered":"<p>Confectionn\u00e9 en coton luxueux et textur\u00e9, ce pantalon pr\u00e9sente un motif floral sur un fond noir profond. Les motifs de magnolia, rendus dans des tons terreux et att\u00e9nu\u00e9s, ajoutent une touche de romantisme vintage La coupe taille haute flatte la silhouette, avant de se transformer en une jambe large et d\u00e9contract\u00e9e .<\/p>\n","protected":false},"featured_media":2157,"template":"","meta":[],"product_brand":[],"product_cat":[15],"product_tag":[],"class_list":{"0":"post-2174","1":"product","2":"type-product","3":"status-publish","4":"has-post-thumbnail","6":"product_cat-non-classe","8":"first","9":"instock","10":"shipping-taxable","11":"product-type-simple"},"jetpack_sharing_enabled":true,"_links":{"self":[{"href":"https:\/\/ideal-shopping.fr\/index.php?rest_route=\/wp\/v2\/product\/2174","targetHints":{"allow":["GET"]}}],"collection":[{"href":"https:\/\/ideal-shopping.fr\/index.php?rest_route=\/wp\/v2\/product"}],"about":[{"href":"https:\/\/ideal-shopping.fr\/index.php?rest_route=\/wp\/v2\/types\/product"}],"wp:featuredmedia":[{"embeddable":true,"href":"https:\/\/ideal-shopping.fr\/index.php?rest_route=\/wp\/v2\/media\/2157"}],"wp:attachment":[{"href":"https:\/\/ideal-shopping.fr\/index.php?rest_route=%2Fwp%2Fv2%2Fmedia&parent=2174"}],"wp:term":[{"taxonomy":"product_brand","embeddable":true,"href":"https:\/\/ideal-shopping.fr\/index.php?rest_route=%2Fwp%2Fv2%2Fproduct_brand&post=2174"},{"taxonomy":"product_cat","embeddable":true,"href":"https:\/\/ideal-shopping.fr\/index.php?rest_route=%2Fwp%2Fv2%2Fproduct_cat&post=2174"},{"taxonomy":"product_tag","embeddable":true,"href":"https:\/\/ideal-shopping.fr\/index.php?rest_route=%2Fwp%2Fv2%2Fproduct_tag&post=2174"}],"curies":[{"name":"wp","href":"https:\/\/api.w.org\/{rel}","templated":true}]}}