{"id":1899,"date":"2024-10-18T16:09:21","date_gmt":"2024-10-18T14:09:21","guid":{"rendered":"http:\/\/193.70.113.66\/index.php\/produit\/a-derbies-gail-ann-face-a-la-dune\/"},"modified":"2025-01-23T18:10:41","modified_gmt":"2025-01-23T17:10:41","slug":"a-derbies-gail-ann-face-a-la-dune","status":"publish","type":"product","link":"https:\/\/ideal-shopping.fr\/?product=a-derbies-gail-ann-face-a-la-dune","title":{"rendered":"A\/Derbies GAIL ANN &#8211; FACE-A-LA-DUNE"},"content":{"rendered":"<p>Cuir vachette<br \/>\nSemelle italienne crant\u00e9e en caoutchouc tr\u00e8s r\u00e9sistant de 2 cm \u00e0 l&rsquo;avant et 3,5 cm au talon<\/p>\n","protected":false},"excerpt":{"rendered":"<p>Cuir vachette<br \/>\nSemelle italienne crant\u00e9e en caoutchouc tr\u00e8s r\u00e9sistant de 2 cm \u00e0 l&rsquo;avant et 3,5 cm au talon<\/p>\n","protected":false},"featured_media":2340,"template":"","meta":[],"product_brand":[],"product_cat":[15],"product_tag":[],"class_list":{"0":"post-1899","1":"product","2":"type-product","3":"status-publish","4":"has-post-thumbnail","6":"product_cat-non-classe","7":"pa_marque-face-a-la-dune","9":"first","10":"instock","11":"sale","12":"shipping-taxable","13":"purchasable","14":"product-type-variable"},"jetpack_sharing_enabled":true,"_links":{"self":[{"href":"https:\/\/ideal-shopping.fr\/index.php?rest_route=\/wp\/v2\/product\/1899","targetHints":{"allow":["GET"]}}],"collection":[{"href":"https:\/\/ideal-shopping.fr\/index.php?rest_route=\/wp\/v2\/product"}],"about":[{"href":"https:\/\/ideal-shopping.fr\/index.php?rest_route=\/wp\/v2\/types\/product"}],"wp:featuredmedia":[{"embeddable":true,"href":"https:\/\/ideal-shopping.fr\/index.php?rest_route=\/wp\/v2\/media\/2340"}],"wp:attachment":[{"href":"https:\/\/ideal-shopping.fr\/index.php?rest_route=%2Fwp%2Fv2%2Fmedia&parent=1899"}],"wp:term":[{"taxonomy":"product_brand","embeddable":true,"href":"https:\/\/ideal-shopping.fr\/index.php?rest_route=%2Fwp%2Fv2%2Fproduct_brand&post=1899"},{"taxonomy":"product_cat","embeddable":true,"href":"https:\/\/ideal-shopping.fr\/index.php?rest_route=%2Fwp%2Fv2%2Fproduct_cat&post=1899"},{"taxonomy":"product_tag","embeddable":true,"href":"https:\/\/ideal-shopping.fr\/index.php?rest_route=%2Fwp%2Fv2%2Fproduct_tag&post=1899"}],"curies":[{"name":"wp","href":"https:\/\/api.w.org\/{rel}","templated":true}]}}