{"id":1813,"date":"2024-10-18T16:08:13","date_gmt":"2024-10-18T14:08:13","guid":{"rendered":"http:\/\/193.70.113.66\/index.php\/produit\/mm-botte-en-daim-chicagono-mos-moch-mosmosh\/"},"modified":"2025-01-23T18:14:50","modified_gmt":"2025-01-23T17:14:50","slug":"mm-botte-en-daim-chicagono-mos-moch-mosmosh","status":"publish","type":"product","link":"https:\/\/ideal-shopping.fr\/?product=mm-botte-en-daim-chicagono-mos-moch-mosmosh","title":{"rendered":"Botte en daim ChicagoNo Mos moch &#8211;"},"content":{"rendered":"<p>Ces bottes cool sont un incontournable cet automne. Elles sont con\u00e7ues avec des bouts ronds, des c\u00f4t\u00e9s \u00e9lastiqu\u00e9s et des semelles en caoutchouc et confectionn\u00e9es en daim lisse. Ils sont tr\u00e8s confortables ; nous les coifferions avec \u00e0 peu pr\u00e8s n&rsquo;importe quoi.<\/p>\n","protected":false},"excerpt":{"rendered":"<p>Ces bottes cool sont un incontournable cet automne. Elles sont con\u00e7ues avec des bouts ronds, des c\u00f4t\u00e9s \u00e9lastiqu\u00e9s et des semelles en caoutchouc et confectionn\u00e9es en daim lisse. Ils sont tr\u00e8s confortables ; nous les coifferions avec \u00e0 peu pr\u00e8s n&rsquo;importe quoi.<\/p>\n","protected":false},"featured_media":1812,"template":"","meta":[],"product_brand":[],"product_cat":[15],"product_tag":[],"class_list":{"0":"post-1813","1":"product","2":"type-product","3":"status-publish","4":"has-post-thumbnail","6":"product_cat-non-classe","7":"pa_marque-mosmosh","9":"first","10":"instock","11":"sale","12":"shipping-taxable","13":"purchasable","14":"product-type-variable"},"jetpack_sharing_enabled":true,"_links":{"self":[{"href":"https:\/\/ideal-shopping.fr\/index.php?rest_route=\/wp\/v2\/product\/1813","targetHints":{"allow":["GET"]}}],"collection":[{"href":"https:\/\/ideal-shopping.fr\/index.php?rest_route=\/wp\/v2\/product"}],"about":[{"href":"https:\/\/ideal-shopping.fr\/index.php?rest_route=\/wp\/v2\/types\/product"}],"wp:featuredmedia":[{"embeddable":true,"href":"https:\/\/ideal-shopping.fr\/index.php?rest_route=\/wp\/v2\/media\/1812"}],"wp:attachment":[{"href":"https:\/\/ideal-shopping.fr\/index.php?rest_route=%2Fwp%2Fv2%2Fmedia&parent=1813"}],"wp:term":[{"taxonomy":"product_brand","embeddable":true,"href":"https:\/\/ideal-shopping.fr\/index.php?rest_route=%2Fwp%2Fv2%2Fproduct_brand&post=1813"},{"taxonomy":"product_cat","embeddable":true,"href":"https:\/\/ideal-shopping.fr\/index.php?rest_route=%2Fwp%2Fv2%2Fproduct_cat&post=1813"},{"taxonomy":"product_tag","embeddable":true,"href":"https:\/\/ideal-shopping.fr\/index.php?rest_route=%2Fwp%2Fv2%2Fproduct_tag&post=1813"}],"curies":[{"name":"wp","href":"https:\/\/api.w.org\/{rel}","templated":true}]}}