{"id":1811,"date":"2024-10-18T16:08:11","date_gmt":"2024-10-18T14:08:11","guid":{"rendered":"http:\/\/193.70.113.66\/index.php\/produit\/cecilia-cover-mos-moch-mosmosh\/"},"modified":"2024-10-18T16:08:11","modified_gmt":"2024-10-18T14:08:11","slug":"cecilia-cover-mos-moch-mosmosh","status":"publish","type":"product","link":"https:\/\/ideal-shopping.fr\/?product=cecilia-cover-mos-moch-mosmosh","title":{"rendered":"Cecilia Cover MOS MOCH &#8211; MOSMOSH"},"content":{"rendered":"<p>Jean noir unifi\u00e9 sans d\u00e9lavage de taille mi-haute l\u00e9g\u00e8rement \u00e9vas\u00e9 sur bas de jambes<\/p>\n","protected":false},"excerpt":{"rendered":"<p>Jean noir unifi\u00e9 sans d\u00e9lavage de taille mi-haute l\u00e9g\u00e8rement \u00e9vas\u00e9 sur bas de jambes<\/p>\n","protected":false},"featured_media":1807,"template":"","meta":[],"product_brand":[],"product_cat":[15],"product_tag":[],"class_list":{"0":"post-1811","1":"product","2":"type-product","3":"status-publish","4":"has-post-thumbnail","6":"product_cat-non-classe","7":"pa_marque-mosmosh","9":"first","10":"instock","11":"shipping-taxable","12":"purchasable","13":"product-type-simple"},"jetpack_sharing_enabled":true,"_links":{"self":[{"href":"https:\/\/ideal-shopping.fr\/index.php?rest_route=\/wp\/v2\/product\/1811","targetHints":{"allow":["GET"]}}],"collection":[{"href":"https:\/\/ideal-shopping.fr\/index.php?rest_route=\/wp\/v2\/product"}],"about":[{"href":"https:\/\/ideal-shopping.fr\/index.php?rest_route=\/wp\/v2\/types\/product"}],"wp:featuredmedia":[{"embeddable":true,"href":"https:\/\/ideal-shopping.fr\/index.php?rest_route=\/wp\/v2\/media\/1807"}],"wp:attachment":[{"href":"https:\/\/ideal-shopping.fr\/index.php?rest_route=%2Fwp%2Fv2%2Fmedia&parent=1811"}],"wp:term":[{"taxonomy":"product_brand","embeddable":true,"href":"https:\/\/ideal-shopping.fr\/index.php?rest_route=%2Fwp%2Fv2%2Fproduct_brand&post=1811"},{"taxonomy":"product_cat","embeddable":true,"href":"https:\/\/ideal-shopping.fr\/index.php?rest_route=%2Fwp%2Fv2%2Fproduct_cat&post=1811"},{"taxonomy":"product_tag","embeddable":true,"href":"https:\/\/ideal-shopping.fr\/index.php?rest_route=%2Fwp%2Fv2%2Fproduct_tag&post=1811"}],"curies":[{"name":"wp","href":"https:\/\/api.w.org\/{rel}","templated":true}]}}