{"id":1779,"date":"2024-10-18T16:07:30","date_gmt":"2024-10-18T14:07:30","guid":{"rendered":"http:\/\/193.70.113.66\/index.php\/produit\/a-tshirt-toro-wave-leon-and-harper\/"},"modified":"2024-10-18T16:07:30","modified_gmt":"2024-10-18T14:07:30","slug":"a-tshirt-toro-wave-leon-and-harper","status":"publish","type":"product","link":"https:\/\/ideal-shopping.fr\/?product=a-tshirt-toro-wave-leon-and-harper","title":{"rendered":"A\/TSHIRT TORO WAVE &#8211; LEON-AND-HARPER"},"content":{"rendered":"<p>Le t-shirt Toro Wave \u00e9voque la douceur des couchers de soleil d&rsquo;\u00e9t\u00e9 avec son imprim\u00e9 vintage l\u00e9g\u00e8rement paillet\u00e9. Avec son col rond, ses manches courtes et sa coupe droite, il est id\u00e9al pour les amoureux de l&rsquo;\u00e9t\u00e9.<\/p>\n","protected":false},"excerpt":{"rendered":"<p>Le t-shirt Toro Wave \u00e9voque la douceur des couchers de soleil d&rsquo;\u00e9t\u00e9 avec son imprim\u00e9 vintage l\u00e9g\u00e8rement paillet\u00e9. Avec son col rond, ses manches courtes et sa coupe droite, il est id\u00e9al pour les amoureux de l&rsquo;\u00e9t\u00e9.<\/p>\n","protected":false},"featured_media":1775,"template":"","meta":[],"product_brand":[],"product_cat":[15],"product_tag":[],"class_list":{"0":"post-1779","1":"product","2":"type-product","3":"status-publish","4":"has-post-thumbnail","6":"product_cat-non-classe","7":"pa_marque-leon-and-harper","9":"first","10":"instock","11":"shipping-taxable","12":"purchasable","13":"product-type-simple"},"jetpack_sharing_enabled":true,"_links":{"self":[{"href":"https:\/\/ideal-shopping.fr\/index.php?rest_route=\/wp\/v2\/product\/1779","targetHints":{"allow":["GET"]}}],"collection":[{"href":"https:\/\/ideal-shopping.fr\/index.php?rest_route=\/wp\/v2\/product"}],"about":[{"href":"https:\/\/ideal-shopping.fr\/index.php?rest_route=\/wp\/v2\/types\/product"}],"wp:featuredmedia":[{"embeddable":true,"href":"https:\/\/ideal-shopping.fr\/index.php?rest_route=\/wp\/v2\/media\/1775"}],"wp:attachment":[{"href":"https:\/\/ideal-shopping.fr\/index.php?rest_route=%2Fwp%2Fv2%2Fmedia&parent=1779"}],"wp:term":[{"taxonomy":"product_brand","embeddable":true,"href":"https:\/\/ideal-shopping.fr\/index.php?rest_route=%2Fwp%2Fv2%2Fproduct_brand&post=1779"},{"taxonomy":"product_cat","embeddable":true,"href":"https:\/\/ideal-shopping.fr\/index.php?rest_route=%2Fwp%2Fv2%2Fproduct_cat&post=1779"},{"taxonomy":"product_tag","embeddable":true,"href":"https:\/\/ideal-shopping.fr\/index.php?rest_route=%2Fwp%2Fv2%2Fproduct_tag&post=1779"}],"curies":[{"name":"wp","href":"https:\/\/api.w.org\/{rel}","templated":true}]}}