{"id":1668,"date":"2024-10-18T16:05:33","date_gmt":"2024-10-18T14:05:33","guid":{"rendered":"http:\/\/193.70.113.66\/index.php\/produit\/a-veste-moorfolk-sessun\/"},"modified":"2025-07-12T11:22:17","modified_gmt":"2025-07-12T09:22:17","slug":"a-veste-moorfolk-sessun","status":"publish","type":"product","link":"https:\/\/ideal-shopping.fr\/?product=a-veste-moorfolk-sessun","title":{"rendered":"A\/Veste MOORFOLK &#8211; SESSUN"},"content":{"rendered":"<p>Veste courte sans manches en denim, illustrations en patchwork de denims contrast\u00e9s et rebrod\u00e9s de points fantaisie color\u00e9s, exclusive Sess\u00f9n.<\/p>\n","protected":false},"excerpt":{"rendered":"<p>Veste courte sans manches en denim, illustrations en patchwork de denims contrast\u00e9s et rebrod\u00e9s de points fantaisie color\u00e9s, exclusive Sess\u00f9n.<\/p>\n","protected":false},"featured_media":1666,"template":"","meta":[],"product_brand":[],"product_cat":[15],"product_tag":[],"class_list":{"0":"post-1668","1":"product","2":"type-product","3":"status-publish","4":"has-post-thumbnail","6":"product_cat-non-classe","7":"pa_marque-sessun","9":"first","10":"instock","11":"sale","12":"shipping-taxable","13":"purchasable","14":"product-type-simple"},"jetpack_sharing_enabled":true,"_links":{"self":[{"href":"https:\/\/ideal-shopping.fr\/index.php?rest_route=\/wp\/v2\/product\/1668","targetHints":{"allow":["GET"]}}],"collection":[{"href":"https:\/\/ideal-shopping.fr\/index.php?rest_route=\/wp\/v2\/product"}],"about":[{"href":"https:\/\/ideal-shopping.fr\/index.php?rest_route=\/wp\/v2\/types\/product"}],"wp:featuredmedia":[{"embeddable":true,"href":"https:\/\/ideal-shopping.fr\/index.php?rest_route=\/wp\/v2\/media\/1666"}],"wp:attachment":[{"href":"https:\/\/ideal-shopping.fr\/index.php?rest_route=%2Fwp%2Fv2%2Fmedia&parent=1668"}],"wp:term":[{"taxonomy":"product_brand","embeddable":true,"href":"https:\/\/ideal-shopping.fr\/index.php?rest_route=%2Fwp%2Fv2%2Fproduct_brand&post=1668"},{"taxonomy":"product_cat","embeddable":true,"href":"https:\/\/ideal-shopping.fr\/index.php?rest_route=%2Fwp%2Fv2%2Fproduct_cat&post=1668"},{"taxonomy":"product_tag","embeddable":true,"href":"https:\/\/ideal-shopping.fr\/index.php?rest_route=%2Fwp%2Fv2%2Fproduct_tag&post=1668"}],"curies":[{"name":"wp","href":"https:\/\/api.w.org\/{rel}","templated":true}]}}