{"id":1662,"date":"2024-10-18T16:05:29","date_gmt":"2024-10-18T14:05:29","guid":{"rendered":"http:\/\/193.70.113.66\/index.php\/produit\/a-thea-robe-sessun\/"},"modified":"2025-08-30T15:04:29","modified_gmt":"2025-08-30T13:04:29","slug":"a-thea-robe-sessun","status":"publish","type":"product","link":"https:\/\/ideal-shopping.fr\/?product=a-thea-robe-sessun","title":{"rendered":"A\/THEA Robe &#8211; SESSUN"},"content":{"rendered":"<p>Robe courte portefeuille en satin fluide imprim\u00e9 tiss\u00e9 en Italie, motif exclusif Sess\u00f9n.<\/p>\n","protected":false},"excerpt":{"rendered":"<p>Robe courte portefeuille en satin fluide imprim\u00e9 tiss\u00e9 en Italie, motif exclusif Sess\u00f9n.<\/p>\n","protected":false},"featured_media":1659,"template":"","meta":[],"product_brand":[],"product_cat":[15],"product_tag":[],"class_list":{"0":"post-1662","1":"product","2":"type-product","3":"status-publish","4":"has-post-thumbnail","6":"product_cat-non-classe","7":"pa_marque-sessun","9":"first","10":"instock","11":"sale","12":"shipping-taxable","13":"purchasable","14":"product-type-variable","15":"has-default-attributes"},"jetpack_sharing_enabled":true,"_links":{"self":[{"href":"https:\/\/ideal-shopping.fr\/index.php?rest_route=\/wp\/v2\/product\/1662","targetHints":{"allow":["GET"]}}],"collection":[{"href":"https:\/\/ideal-shopping.fr\/index.php?rest_route=\/wp\/v2\/product"}],"about":[{"href":"https:\/\/ideal-shopping.fr\/index.php?rest_route=\/wp\/v2\/types\/product"}],"wp:featuredmedia":[{"embeddable":true,"href":"https:\/\/ideal-shopping.fr\/index.php?rest_route=\/wp\/v2\/media\/1659"}],"wp:attachment":[{"href":"https:\/\/ideal-shopping.fr\/index.php?rest_route=%2Fwp%2Fv2%2Fmedia&parent=1662"}],"wp:term":[{"taxonomy":"product_brand","embeddable":true,"href":"https:\/\/ideal-shopping.fr\/index.php?rest_route=%2Fwp%2Fv2%2Fproduct_brand&post=1662"},{"taxonomy":"product_cat","embeddable":true,"href":"https:\/\/ideal-shopping.fr\/index.php?rest_route=%2Fwp%2Fv2%2Fproduct_cat&post=1662"},{"taxonomy":"product_tag","embeddable":true,"href":"https:\/\/ideal-shopping.fr\/index.php?rest_route=%2Fwp%2Fv2%2Fproduct_tag&post=1662"}],"curies":[{"name":"wp","href":"https:\/\/api.w.org\/{rel}","templated":true}]}}