{"id":1650,"date":"2024-10-18T16:05:22","date_gmt":"2024-10-18T14:05:22","guid":{"rendered":"http:\/\/193.70.113.66\/index.php\/produit\/a-robe-tanohi-sessun\/"},"modified":"2025-07-12T11:27:26","modified_gmt":"2025-07-12T09:27:26","slug":"a-robe-tanohi-sessun","status":"publish","type":"product","link":"https:\/\/ideal-shopping.fr\/?product=a-robe-tanohi-sessun","title":{"rendered":"A\/Robe TANOHI &#8211; SESSUN"},"content":{"rendered":"<p>Robe courte \u00e0 poches plaqu\u00e9es en toile armur\u00e9e lin \/ coton ray\u00e9e bicolore de fil flamm\u00e9 tiss\u00e9e en Espagne, surpiq\u00fbres contrast\u00e9es en d\u00e9tail<\/p>\n","protected":false},"excerpt":{"rendered":"<p>Robe courte \u00e0 poches plaqu\u00e9es en toile armur\u00e9e lin \/ coton ray\u00e9e bicolore de fil flamm\u00e9 tiss\u00e9e en Espagne, surpiq\u00fbres contrast\u00e9es en d\u00e9tail<\/p>\n","protected":false},"featured_media":1648,"template":"","meta":[],"product_brand":[],"product_cat":[15],"product_tag":[],"class_list":{"0":"post-1650","1":"product","2":"type-product","3":"status-publish","4":"has-post-thumbnail","6":"product_cat-non-classe","7":"pa_marque-sessun","9":"first","10":"instock","11":"sale","12":"shipping-taxable","13":"purchasable","14":"product-type-variable"},"jetpack_sharing_enabled":true,"_links":{"self":[{"href":"https:\/\/ideal-shopping.fr\/index.php?rest_route=\/wp\/v2\/product\/1650","targetHints":{"allow":["GET"]}}],"collection":[{"href":"https:\/\/ideal-shopping.fr\/index.php?rest_route=\/wp\/v2\/product"}],"about":[{"href":"https:\/\/ideal-shopping.fr\/index.php?rest_route=\/wp\/v2\/types\/product"}],"wp:featuredmedia":[{"embeddable":true,"href":"https:\/\/ideal-shopping.fr\/index.php?rest_route=\/wp\/v2\/media\/1648"}],"wp:attachment":[{"href":"https:\/\/ideal-shopping.fr\/index.php?rest_route=%2Fwp%2Fv2%2Fmedia&parent=1650"}],"wp:term":[{"taxonomy":"product_brand","embeddable":true,"href":"https:\/\/ideal-shopping.fr\/index.php?rest_route=%2Fwp%2Fv2%2Fproduct_brand&post=1650"},{"taxonomy":"product_cat","embeddable":true,"href":"https:\/\/ideal-shopping.fr\/index.php?rest_route=%2Fwp%2Fv2%2Fproduct_cat&post=1650"},{"taxonomy":"product_tag","embeddable":true,"href":"https:\/\/ideal-shopping.fr\/index.php?rest_route=%2Fwp%2Fv2%2Fproduct_tag&post=1650"}],"curies":[{"name":"wp","href":"https:\/\/api.w.org\/{rel}","templated":true}]}}