{"id":1640,"date":"2024-10-18T16:05:12","date_gmt":"2024-10-18T14:05:12","guid":{"rendered":"http:\/\/193.70.113.66\/index.php\/produit\/a-robe-holda-sessun\/"},"modified":"2025-07-12T11:32:36","modified_gmt":"2025-07-12T09:32:36","slug":"a-robe-holda-sessun","status":"publish","type":"product","link":"https:\/\/ideal-shopping.fr\/?product=a-robe-holda-sessun","title":{"rendered":"A\/Robe HOLDA &#8211; SESSUN"},"content":{"rendered":"<p>Robe courte chemisier, d\u00e9tail de n\u0153ud devant, en satin fluide imprim\u00e9 et appr\u00eat\u00e9 en Italie, motif exclusif Sess\u00f9n.<\/p>\n","protected":false},"excerpt":{"rendered":"<p>Robe courte chemisier, d\u00e9tail de n\u0153ud devant, en satin fluide imprim\u00e9 et appr\u00eat\u00e9 en Italie, motif exclusif Sess\u00f9n.<\/p>\n","protected":false},"featured_media":1637,"template":"","meta":[],"product_brand":[],"product_cat":[15],"product_tag":[],"class_list":{"0":"post-1640","1":"product","2":"type-product","3":"status-publish","4":"has-post-thumbnail","6":"product_cat-non-classe","7":"pa_marque-sessun","9":"first","10":"instock","11":"sale","12":"shipping-taxable","13":"purchasable","14":"product-type-variable"},"jetpack_sharing_enabled":true,"_links":{"self":[{"href":"https:\/\/ideal-shopping.fr\/index.php?rest_route=\/wp\/v2\/product\/1640","targetHints":{"allow":["GET"]}}],"collection":[{"href":"https:\/\/ideal-shopping.fr\/index.php?rest_route=\/wp\/v2\/product"}],"about":[{"href":"https:\/\/ideal-shopping.fr\/index.php?rest_route=\/wp\/v2\/types\/product"}],"wp:featuredmedia":[{"embeddable":true,"href":"https:\/\/ideal-shopping.fr\/index.php?rest_route=\/wp\/v2\/media\/1637"}],"wp:attachment":[{"href":"https:\/\/ideal-shopping.fr\/index.php?rest_route=%2Fwp%2Fv2%2Fmedia&parent=1640"}],"wp:term":[{"taxonomy":"product_brand","embeddable":true,"href":"https:\/\/ideal-shopping.fr\/index.php?rest_route=%2Fwp%2Fv2%2Fproduct_brand&post=1640"},{"taxonomy":"product_cat","embeddable":true,"href":"https:\/\/ideal-shopping.fr\/index.php?rest_route=%2Fwp%2Fv2%2Fproduct_cat&post=1640"},{"taxonomy":"product_tag","embeddable":true,"href":"https:\/\/ideal-shopping.fr\/index.php?rest_route=%2Fwp%2Fv2%2Fproduct_tag&post=1640"}],"curies":[{"name":"wp","href":"https:\/\/api.w.org\/{rel}","templated":true}]}}