{"id":1617,"date":"2024-10-18T16:04:52","date_gmt":"2024-10-18T14:04:52","guid":{"rendered":"http:\/\/193.70.113.66\/index.php\/produit\/a-jean-marino-taille-haute-sessun\/"},"modified":"2024-12-20T18:18:22","modified_gmt":"2024-12-20T17:18:22","slug":"a-jean-marino-taille-haute-sessun","status":"publish","type":"product","link":"https:\/\/ideal-shopping.fr\/?product=a-jean-marino-taille-haute-sessun","title":{"rendered":"A\/Jean MARINO taille haute &#8211; SESSUN"},"content":{"rendered":"<p>98% Coton 2% Elasthanne<br \/>\nLe coton utilis\u00e9 dans ce v\u00eatement est issu de l&rsquo;agriculture biologique. Sa culture n\u00e9cessite moins d&rsquo;eau et ne fait appel \u00e0 aucun produit chimique, ce qui r\u00e9duit son impact environnemental. *concerne le coloris Melody Blue<\/p>\n","protected":false},"excerpt":{"rendered":"<p>98% Coton 2% Elasthanne<br \/>\nLe coton utilis\u00e9 dans ce v\u00eatement est issu de l&rsquo;agriculture biologique. Sa culture n\u00e9cessite moins d&rsquo;eau et ne fait appel \u00e0 aucun produit chimique, ce qui r\u00e9duit son impact environnemental. *concerne le coloris Melody Blue<\/p>\n","protected":false},"featured_media":1613,"template":"","meta":[],"product_brand":[],"product_cat":[15],"product_tag":[],"class_list":{"0":"post-1617","1":"product","2":"type-product","3":"status-publish","4":"has-post-thumbnail","6":"product_cat-non-classe","7":"pa_marque-sessun","9":"first","10":"instock","11":"shipping-taxable","12":"purchasable","13":"product-type-variable"},"jetpack_sharing_enabled":true,"_links":{"self":[{"href":"https:\/\/ideal-shopping.fr\/index.php?rest_route=\/wp\/v2\/product\/1617","targetHints":{"allow":["GET"]}}],"collection":[{"href":"https:\/\/ideal-shopping.fr\/index.php?rest_route=\/wp\/v2\/product"}],"about":[{"href":"https:\/\/ideal-shopping.fr\/index.php?rest_route=\/wp\/v2\/types\/product"}],"wp:featuredmedia":[{"embeddable":true,"href":"https:\/\/ideal-shopping.fr\/index.php?rest_route=\/wp\/v2\/media\/1613"}],"wp:attachment":[{"href":"https:\/\/ideal-shopping.fr\/index.php?rest_route=%2Fwp%2Fv2%2Fmedia&parent=1617"}],"wp:term":[{"taxonomy":"product_brand","embeddable":true,"href":"https:\/\/ideal-shopping.fr\/index.php?rest_route=%2Fwp%2Fv2%2Fproduct_brand&post=1617"},{"taxonomy":"product_cat","embeddable":true,"href":"https:\/\/ideal-shopping.fr\/index.php?rest_route=%2Fwp%2Fv2%2Fproduct_cat&post=1617"},{"taxonomy":"product_tag","embeddable":true,"href":"https:\/\/ideal-shopping.fr\/index.php?rest_route=%2Fwp%2Fv2%2Fproduct_tag&post=1617"}],"curies":[{"name":"wp","href":"https:\/\/api.w.org\/{rel}","templated":true}]}}