{"id":1572,"date":"2024-10-18T16:04:02","date_gmt":"2024-10-18T14:04:02","guid":{"rendered":"http:\/\/193.70.113.66\/index.php\/produit\/a-jean-evase-avec-foulard-liu-jo-liu-jo\/"},"modified":"2024-10-18T16:04:02","modified_gmt":"2024-10-18T14:04:02","slug":"a-jean-evase-avec-foulard-liu-jo-liu-jo","status":"publish","type":"product","link":"https:\/\/ideal-shopping.fr\/?product=a-jean-evase-avec-foulard-liu-jo-liu-jo","title":{"rendered":"A\/Jean \u00e9vas\u00e9 avec foulard LIU.JO &#8211; LIU-JO"},"content":{"rendered":"<p>: Avec sa coupe cropped  l\u00e9g\u00e8rement \u00e9vas\u00e9e et son foulard satn\u00e9 vous serez jouer les silhouette  look\u00e9e<\/p>\n","protected":false},"excerpt":{"rendered":"<p>: Avec sa coupe cropped  l\u00e9g\u00e8rement \u00e9vas\u00e9e et son foulard satn\u00e9 vous serez jouer les silhouette  look\u00e9e<\/p>\n","protected":false},"featured_media":1569,"template":"","meta":[],"product_brand":[],"product_cat":[15],"product_tag":[],"class_list":{"0":"post-1572","1":"product","2":"type-product","3":"status-publish","4":"has-post-thumbnail","6":"product_cat-non-classe","7":"pa_marque-liu-jo","9":"first","10":"instock","11":"shipping-taxable","12":"purchasable","13":"product-type-simple"},"jetpack_sharing_enabled":true,"_links":{"self":[{"href":"https:\/\/ideal-shopping.fr\/index.php?rest_route=\/wp\/v2\/product\/1572","targetHints":{"allow":["GET"]}}],"collection":[{"href":"https:\/\/ideal-shopping.fr\/index.php?rest_route=\/wp\/v2\/product"}],"about":[{"href":"https:\/\/ideal-shopping.fr\/index.php?rest_route=\/wp\/v2\/types\/product"}],"wp:featuredmedia":[{"embeddable":true,"href":"https:\/\/ideal-shopping.fr\/index.php?rest_route=\/wp\/v2\/media\/1569"}],"wp:attachment":[{"href":"https:\/\/ideal-shopping.fr\/index.php?rest_route=%2Fwp%2Fv2%2Fmedia&parent=1572"}],"wp:term":[{"taxonomy":"product_brand","embeddable":true,"href":"https:\/\/ideal-shopping.fr\/index.php?rest_route=%2Fwp%2Fv2%2Fproduct_brand&post=1572"},{"taxonomy":"product_cat","embeddable":true,"href":"https:\/\/ideal-shopping.fr\/index.php?rest_route=%2Fwp%2Fv2%2Fproduct_cat&post=1572"},{"taxonomy":"product_tag","embeddable":true,"href":"https:\/\/ideal-shopping.fr\/index.php?rest_route=%2Fwp%2Fv2%2Fproduct_tag&post=1572"}],"curies":[{"name":"wp","href":"https:\/\/api.w.org\/{rel}","templated":true}]}}