{"id":8,"date":"2024-09-26T11:26:28","date_gmt":"2024-09-26T09:26:28","guid":{"rendered":"http:\/\/193.70.113.66\/index.php\/panier\/"},"modified":"2024-09-29T10:32:31","modified_gmt":"2024-09-29T08:32:31","slug":"panier","status":"publish","type":"page","link":"https:\/\/ideal-shopping.fr\/?page_id=8","title":{"rendered":"Panier"},"content":{"rendered":"\n<div data-block-name=\"woocommerce\/cart\" class=\"wp-block-woocommerce-cart alignwide is-loading\">\n<div data-block-name=\"woocommerce\/filled-cart-block\" class=\"wp-block-woocommerce-filled-cart-block\">\n<div data-block-name=\"woocommerce\/cart-items-block\" class=\"wp-block-woocommerce-cart-items-block\">\n<div data-block-name=\"woocommerce\/cart-line-items-block\" class=\"wp-block-woocommerce-cart-line-items-block\"><\/div>\n\n\n\n<div data-block-name=\"woocommerce\/cart-cross-sells-block\" class=\"wp-block-woocommerce-cart-cross-sells-block\">\n<h2 class=\"wp-block-heading has-large-font-size\">\u00c7a peut vous int\u00e9resser&#8230;<\/h2>\n\n\n\n<div data-block-name=\"woocommerce\/cart-cross-sells-products-block\" class=\"wp-block-woocommerce-cart-cross-sells-products-block\"><\/div>\n<\/div>\n<\/div>\n\n\n\n<div data-block-name=\"woocommerce\/cart-totals-block\" class=\"wp-block-woocommerce-cart-totals-block\">\n<div data-block-name=\"woocommerce\/cart-order-summary-block\" class=\"wp-block-woocommerce-cart-order-summary-block\">\n<div data-block-name=\"woocommerce\/cart-order-summary-heading-block\" class=\"wp-block-woocommerce-cart-order-summary-heading-block\"><\/div><div data-block-name=\"woocommerce\/cart-order-summary-coupon-form-block\" class=\"wp-block-woocommerce-cart-order-summary-coupon-form-block\"><\/div><div data-block-name=\"woocommerce\/cart-order-summary-totals-block\" class=\"wp-block-woocommerce-cart-order-summary-totals-block\">\n<div data-block-name=\"woocommerce\/cart-order-summary-subtotal-block\" class=\"wp-block-woocommerce-cart-order-summary-subtotal-block\"><\/div>\n<div data-block-name=\"woocommerce\/cart-order-summary-discount-block\" class=\"wp-block-woocommerce-cart-order-summary-discount-block\"><\/div>\n<div data-block-name=\"woocommerce\/cart-order-summary-fee-block\" class=\"wp-block-woocommerce-cart-order-summary-fee-block\"><\/div>\n<div data-block-name=\"woocommerce\/cart-order-summary-shipping-block\" class=\"wp-block-woocommerce-cart-order-summary-shipping-block\"><\/div>\n<div data-block-name=\"woocommerce\/cart-order-summary-taxes-block\" class=\"wp-block-woocommerce-cart-order-summary-taxes-block\"><\/div><\/div>\n<\/div>\n\n\n\n<div data-block-name=\"woocommerce\/cart-express-payment-block\" class=\"wp-block-woocommerce-cart-express-payment-block\"><\/div>\n\n\n\n<div data-block-name=\"woocommerce\/proceed-to-checkout-block\" class=\"wp-block-woocommerce-proceed-to-checkout-block\"><\/div>\n\n\n\n<div data-block-name=\"woocommerce\/cart-accepted-payment-methods-block\" class=\"wp-block-woocommerce-cart-accepted-payment-methods-block\"><\/div>\n<\/div>\n<\/div>\n\n\n\n<div data-block-name=\"woocommerce\/empty-cart-block\" class=\"wp-block-woocommerce-empty-cart-block\">\n<h2 class=\"wp-block-heading has-text-align-center with-empty-cart-icon wc-block-cart__empty-cart__title\">Votre panier est actuellement vide\u00a0!<\/h2>\n\n\n\n<hr class=\"wp-block-separator has-alpha-channel-opacity is-style-dots\"\/>\n\n\n\n<h2 class=\"wp-block-heading has-text-align-center\">Nouveau dans la boutique<\/h2>\n\n\n<div data-block-name=\"woocommerce\/product-new\" data-columns=\"4\" data-rows=\"1\" class=\"wc-block-grid wp-block-product-new wp-block-woocommerce-product-new wc-block-product-new has-4-columns\"><ul class=\"wc-block-grid__products\"><li class=\"wc-block-grid__product\">\n\t\t\t\t<a href=\"https:\/\/ideal-shopping.fr\/?product=pull-malibu\" class=\"wc-block-grid__product-link\">\n\t\t\t\t\t\n\t\t\t\t\t<div class=\"wc-block-grid__product-image\"><img fetchpriority=\"high\" decoding=\"async\" width=\"300\" height=\"450\" src=\"https:\/\/ideal-shopping.fr\/wp-content\/uploads\/2026\/04\/POE2609_OFFWHI_F_1-300x450.webp\" class=\"attachment-woocommerce_thumbnail size-woocommerce_thumbnail\" alt=\"Pull Malibu\" srcset=\"https:\/\/ideal-shopping.fr\/wp-content\/uploads\/2026\/04\/POE2609_OFFWHI_F_1-300x450.webp 300w, https:\/\/ideal-shopping.fr\/wp-content\/uploads\/2026\/04\/POE2609_OFFWHI_F_1-200x300.webp 200w, https:\/\/ideal-shopping.fr\/wp-content\/uploads\/2026\/04\/POE2609_OFFWHI_F_1-683x1024.webp 683w, https:\/\/ideal-shopping.fr\/wp-content\/uploads\/2026\/04\/POE2609_OFFWHI_F_1-768x1151.webp 768w, https:\/\/ideal-shopping.fr\/wp-content\/uploads\/2026\/04\/POE2609_OFFWHI_F_1-1025x1536.webp 1025w, https:\/\/ideal-shopping.fr\/wp-content\/uploads\/2026\/04\/POE2609_OFFWHI_F_1-600x900.webp 600w, https:\/\/ideal-shopping.fr\/wp-content\/uploads\/2026\/04\/POE2609_OFFWHI_F_1.webp 1280w\" sizes=\"(max-width: 300px) 100vw, 300px\" \/><\/div>\n\t\t\t\t\t<div class=\"wc-block-grid__product-title\">Pull Malibu<\/div>\n\t\t\t\t<\/a>\n\t\t\t\t<div class=\"wc-block-grid__product-price price\"><span class=\"woocommerce-Price-amount amount\">149,00&nbsp;<span class=\"woocommerce-Price-currencySymbol\">&euro;<\/span><\/span><\/div>\n\t\t\t\t\n\t\t\t\t<div class=\"wp-block-button wc-block-grid__product-add-to-cart\"><a href=\"https:\/\/ideal-shopping.fr\/?product=pull-malibu\" aria-label=\"S\u00e9lectionner les options pour &ldquo;Pull Malibu&rdquo;\" data-quantity=\"1\" data-product_id=\"5245\" data-product_sku=\"\" data-price=\"149\" rel=\"nofollow\" class=\"wp-block-button__link  add_to_cart_button\">Choix des options<\/a><\/div>\n\t\t\t<\/li><li class=\"wc-block-grid__product\">\n\t\t\t\t<a href=\"https:\/\/ideal-shopping.fr\/?product=chemise-cecile\" class=\"wc-block-grid__product-link\">\n\t\t\t\t\t\n\t\t\t\t\t<div class=\"wc-block-grid__product-image\"><img decoding=\"async\" width=\"300\" height=\"450\" src=\"https:\/\/ideal-shopping.fr\/wp-content\/uploads\/2026\/04\/75104CECILE_COOK_2-300x450.webp\" class=\"attachment-woocommerce_thumbnail size-woocommerce_thumbnail\" alt=\"Chemise Cecile\" srcset=\"https:\/\/ideal-shopping.fr\/wp-content\/uploads\/2026\/04\/75104CECILE_COOK_2-300x450.webp 300w, https:\/\/ideal-shopping.fr\/wp-content\/uploads\/2026\/04\/75104CECILE_COOK_2-200x300.webp 200w, https:\/\/ideal-shopping.fr\/wp-content\/uploads\/2026\/04\/75104CECILE_COOK_2-600x900.webp 600w, https:\/\/ideal-shopping.fr\/wp-content\/uploads\/2026\/04\/75104CECILE_COOK_2.webp 640w\" sizes=\"(max-width: 300px) 100vw, 300px\" \/><\/div>\n\t\t\t\t\t<div class=\"wc-block-grid__product-title\">Chemise Cecile<\/div>\n\t\t\t\t<\/a>\n\t\t\t\t<div class=\"wc-block-grid__product-price price\"><span class=\"woocommerce-Price-amount amount\">189,00&nbsp;<span class=\"woocommerce-Price-currencySymbol\">&euro;<\/span><\/span><\/div>\n\t\t\t\t\n\t\t\t\t<div class=\"wp-block-button wc-block-grid__product-add-to-cart\"><a href=\"https:\/\/ideal-shopping.fr\/?product=chemise-cecile\" aria-label=\"S\u00e9lectionner les options pour &ldquo;Chemise Cecile&rdquo;\" data-quantity=\"1\" data-product_id=\"5240\" data-product_sku=\"\" data-price=\"189\" rel=\"nofollow\" class=\"wp-block-button__link  add_to_cart_button\">Choix des options<\/a><\/div>\n\t\t\t<\/li><li class=\"wc-block-grid__product\">\n\t\t\t\t<a href=\"https:\/\/ideal-shopping.fr\/?product=pantalon-court-evase-orange\" class=\"wc-block-grid__product-link\">\n\t\t\t\t\t\n\t\t\t\t\t<div class=\"wc-block-grid__product-image\"><img decoding=\"async\" width=\"300\" height=\"420\" src=\"https:\/\/ideal-shopping.fr\/wp-content\/uploads\/2026\/03\/JORDY__FG12__003-300x420.webp\" class=\"attachment-woocommerce_thumbnail size-woocommerce_thumbnail\" alt=\"Pantalon court \u00e9vas\u00e9 orange\" srcset=\"https:\/\/ideal-shopping.fr\/wp-content\/uploads\/2026\/03\/JORDY__FG12__003-300x420.webp 300w, https:\/\/ideal-shopping.fr\/wp-content\/uploads\/2026\/03\/JORDY__FG12__003-214x300.webp 214w, https:\/\/ideal-shopping.fr\/wp-content\/uploads\/2026\/03\/JORDY__FG12__003-731x1024.webp 731w, https:\/\/ideal-shopping.fr\/wp-content\/uploads\/2026\/03\/JORDY__FG12__003-768x1076.webp 768w, https:\/\/ideal-shopping.fr\/wp-content\/uploads\/2026\/03\/JORDY__FG12__003-600x840.webp 600w, https:\/\/ideal-shopping.fr\/wp-content\/uploads\/2026\/03\/JORDY__FG12__003.webp 919w\" sizes=\"(max-width: 300px) 100vw, 300px\" \/><\/div>\n\t\t\t\t\t<div class=\"wc-block-grid__product-title\">Pantalon court \u00e9vas\u00e9 orange<\/div>\n\t\t\t\t<\/a>\n\t\t\t\t<div class=\"wc-block-grid__product-price price\"><span class=\"woocommerce-Price-amount amount\">199,00&nbsp;<span class=\"woocommerce-Price-currencySymbol\">&euro;<\/span><\/span><\/div>\n\t\t\t\t\n\t\t\t\t<div class=\"wp-block-button wc-block-grid__product-add-to-cart\"><a href=\"https:\/\/ideal-shopping.fr\/?product=pantalon-court-evase-orange\" aria-label=\"S\u00e9lectionner les options pour &ldquo;Pantalon court \u00e9vas\u00e9 orange&rdquo;\" data-quantity=\"1\" data-product_id=\"5217\" data-product_sku=\"\" data-price=\"199\" rel=\"nofollow\" class=\"wp-block-button__link  add_to_cart_button\">Choix des options<\/a><\/div>\n\t\t\t<\/li><li class=\"wc-block-grid__product\">\n\t\t\t\t<a href=\"https:\/\/ideal-shopping.fr\/?product=chemise-en-coton-melange-a-rayures-et-strass-brune-et-rose\" class=\"wc-block-grid__product-link\">\n\t\t\t\t\t\n\t\t\t\t\t<div class=\"wc-block-grid__product-image\"><img loading=\"lazy\" decoding=\"async\" width=\"300\" height=\"420\" src=\"https:\/\/ideal-shopping.fr\/wp-content\/uploads\/2026\/03\/JELIEF__J1YR__003-300x420.webp\" class=\"attachment-woocommerce_thumbnail size-woocommerce_thumbnail\" alt=\"Chemise en coton m\u00e9lang\u00e9 \u00e0 rayures et strass brune et rose\" srcset=\"https:\/\/ideal-shopping.fr\/wp-content\/uploads\/2026\/03\/JELIEF__J1YR__003-300x420.webp 300w, https:\/\/ideal-shopping.fr\/wp-content\/uploads\/2026\/03\/JELIEF__J1YR__003-214x300.webp 214w, https:\/\/ideal-shopping.fr\/wp-content\/uploads\/2026\/03\/JELIEF__J1YR__003-731x1024.webp 731w, https:\/\/ideal-shopping.fr\/wp-content\/uploads\/2026\/03\/JELIEF__J1YR__003-768x1076.webp 768w, https:\/\/ideal-shopping.fr\/wp-content\/uploads\/2026\/03\/JELIEF__J1YR__003-600x840.webp 600w, https:\/\/ideal-shopping.fr\/wp-content\/uploads\/2026\/03\/JELIEF__J1YR__003.webp 919w\" sizes=\"(max-width: 300px) 100vw, 300px\" \/><\/div>\n\t\t\t\t\t<div class=\"wc-block-grid__product-title\">Chemise en coton m\u00e9lang\u00e9 \u00e0 rayures et strass brune et rose<\/div>\n\t\t\t\t<\/a>\n\t\t\t\t<div class=\"wc-block-grid__product-price price\"><span class=\"woocommerce-Price-amount amount\">199,00&nbsp;<span class=\"woocommerce-Price-currencySymbol\">&euro;<\/span><\/span><\/div>\n\t\t\t\t\n\t\t\t\t<div class=\"wp-block-button wc-block-grid__product-add-to-cart\"><a href=\"https:\/\/ideal-shopping.fr\/?product=chemise-en-coton-melange-a-rayures-et-strass-brune-et-rose\" aria-label=\"S\u00e9lectionner les options pour &ldquo;Chemise en coton m\u00e9lang\u00e9 \u00e0 rayures et strass brune et rose&rdquo;\" data-quantity=\"1\" data-product_id=\"5210\" data-product_sku=\"\" data-price=\"199\" rel=\"nofollow\" class=\"wp-block-button__link  add_to_cart_button\">Choix des options<\/a><\/div>\n\t\t\t<\/li><\/ul><\/div><\/div>\n<\/div>\n","protected":false},"excerpt":{"rendered":"","protected":false},"author":1,"featured_media":0,"parent":0,"menu_order":0,"comment_status":"closed","ping_status":"closed","template":"","meta":{"footnotes":""},"class_list":["post-8","page","type-page","status-publish","hentry"],"jetpack_sharing_enabled":true,"_links":{"self":[{"href":"https:\/\/ideal-shopping.fr\/index.php?rest_route=\/wp\/v2\/pages\/8","targetHints":{"allow":["GET"]}}],"collection":[{"href":"https:\/\/ideal-shopping.fr\/index.php?rest_route=\/wp\/v2\/pages"}],"about":[{"href":"https:\/\/ideal-shopping.fr\/index.php?rest_route=\/wp\/v2\/types\/page"}],"author":[{"embeddable":true,"href":"https:\/\/ideal-shopping.fr\/index.php?rest_route=\/wp\/v2\/users\/1"}],"replies":[{"embeddable":true,"href":"https:\/\/ideal-shopping.fr\/index.php?rest_route=%2Fwp%2Fv2%2Fcomments&post=8"}],"version-history":[{"count":1,"href":"https:\/\/ideal-shopping.fr\/index.php?rest_route=\/wp\/v2\/pages\/8\/revisions"}],"predecessor-version":[{"id":58,"href":"https:\/\/ideal-shopping.fr\/index.php?rest_route=\/wp\/v2\/pages\/8\/revisions\/58"}],"wp:attachment":[{"href":"https:\/\/ideal-shopping.fr\/index.php?rest_route=%2Fwp%2Fv2%2Fmedia&parent=8"}],"curies":[{"name":"wp","href":"https:\/\/api.w.org\/{rel}","templated":true}]}}